{"id":861,"date":"2025-04-01T10:38:47","date_gmt":"2025-04-01T10:38:47","guid":{"rendered":"https:\/\/grupochelsea.pt\/?page_id=861"},"modified":"2025-05-28T14:17:06","modified_gmt":"2025-05-28T14:17:06","slug":"chelsea-bakery-croissanteria","status":"publish","type":"page","link":"https:\/\/grupochelsea.pt\/en\/chelsea-bakery-croissanteria\/","title":{"rendered":"Chelsea Padaria &amp; Croissanteria"},"content":{"rendered":"<p>[et_pb_section fb_built=&#8221;1&#8243; _builder_version=&#8221;4.27.4&#8243; _module_preset=&#8221;default&#8221; background_color=&#8221;RGBA(255,255,255,0)&#8221; background_image=&#8221;https:\/\/grupochelsea.pt\/wp-content\/uploads\/2025\/04\/bg_croissant.jpg&#8221; custom_margin=&#8221;0px||0px||true|false&#8221; custom_padding=&#8221;0px||0px||true|false&#8221; global_colors_info=&#8221;{}&#8221;][et_pb_row _builder_version=&#8221;4.27.4&#8243; _module_preset=&#8221;default&#8221; width=&#8221;100%&#8221; max_width=&#8221;100%&#8221; module_alignment=&#8221;center&#8221; custom_margin=&#8221;0px||0px||true|false&#8221; custom_padding=&#8221;0px||0px||true|false&#8221; global_colors_info=&#8221;{}&#8221;][et_pb_column type=&#8221;4_4&#8243; _builder_version=&#8221;4.27.4&#8243; _module_preset=&#8221;default&#8221; global_colors_info=&#8221;{}&#8221;][et_pb_slider _builder_version=&#8221;4.27.4&#8243; _module_preset=&#8221;default&#8221; header_font=&#8221;|||on|||||&#8221; header_font_size=&#8221;2.4em&#8221; background_color=&#8221;RGBA(255,255,255,0)&#8221; custom_button=&#8221;on&#8221; button_text_size=&#8221;1em&#8221; button_text_color=&#8221;#FFFFFF&#8221; button_bg_color=&#8221;gcid-798fe849-4cea-438b-8edc-6ac913077986&#8243; button_border_width=&#8221;0px&#8221; button_border_radius=&#8221;0px&#8221; button_font=&#8221;|||on|||||&#8221; button_use_icon=&#8221;off&#8221; global_colors_info=&#8221;{%22gcid-798fe849-4cea-438b-8edc-6ac913077986%22:%91%22button_bg_color%22%93}&#8221;][et_pb_slide heading=&#8221;Croissants Recheados&#8221; button_text=&#8221;Reservas&#8221; button_link=&#8221;https:\/\/grupochelsea.pt\/wp-content\/uploads\/2025\/04\/menus-pizzaria.pdf&#8221; _builder_version=&#8221;4.27.4&#8243; _module_preset=&#8221;default&#8221; global_colors_info=&#8221;{}&#8221; sticky_transition=&#8221;on&#8221;][\/et_pb_slide][\/et_pb_slider][\/et_pb_column][\/et_pb_row][\/et_pb_section][et_pb_section fb_built=&#8221;1&#8243; _builder_version=&#8221;4.27.4&#8243; _module_preset=&#8221;default&#8221; background_image=&#8221;https:\/\/grupochelsea.pt\/wp-content\/uploads\/2025\/03\/fundo-amarelo.png&#8221; background_size=&#8221;initial&#8221; background_repeat=&#8221;repeat-y&#8221; global_colors_info=&#8221;{}&#8221;][et_pb_row column_structure=&#8221;2_5,3_5&#8243; use_custom_gutter=&#8221;on&#8221; gutter_width=&#8221;1&#8243; make_equal=&#8221;on&#8221; _builder_version=&#8221;4.27.4&#8243; _module_preset=&#8221;default&#8221; width=&#8221;60%&#8221; width_tablet=&#8221;50%&#8221; width_phone=&#8221;80%&#8221; width_last_edited=&#8221;on|phone&#8221; max_width=&#8221;100%&#8221; module_alignment=&#8221;center&#8221; global_colors_info=&#8221;{}&#8221;][et_pb_column type=&#8221;2_5&#8243; _builder_version=&#8221;4.27.4&#8243; _module_preset=&#8221;default&#8221; custom_css_main_element=&#8221;display: flex;||align-items: center;||&#8221; global_colors_info=&#8221;{}&#8221;][et_pb_image src=&#8221;https:\/\/grupochelsea.pt\/wp-content\/uploads\/2025\/02\/logo-chelsea-padaria-redondo.svg&#8221; title_text=&#8221;logo chelsea padaria redondo&#8221; align=&#8221;center&#8221; _builder_version=&#8221;4.27.4&#8243; _module_preset=&#8221;default&#8221; width=&#8221;50%&#8221; module_alignment=&#8221;center&#8221; custom_padding=&#8221;||1vh||false|false&#8221; global_colors_info=&#8221;{}&#8221;][\/et_pb_image][\/et_pb_column][et_pb_column type=&#8221;3_5&#8243; _builder_version=&#8221;4.27.4&#8243; _module_preset=&#8221;default&#8221; global_colors_info=&#8221;{}&#8221;][et_pb_text _builder_version=&#8221;4.27.4&#8243; _module_preset=&#8221;default&#8221; text_text_color=&#8221;#303030&#8243; text_font_size=&#8221;1.2em&#8221; text_orientation=&#8221;justified&#8221; width=&#8221;100%&#8221; width_tablet=&#8221;80%&#8221; width_phone=&#8221;100%&#8221; width_last_edited=&#8221;on|phone&#8221; max_width=&#8221;100%&#8221; global_colors_info=&#8221;{}&#8221;]<\/p>\n<p style=\"text-align: left;\">Desfrute do melhor da padaria e pastelaria portuguesa com um toque contempor\u00e2neo. O nosso grande destaque s\u00e3o os aut\u00eanticos croissants portugueses, feitos na hora, com massa brioche meio folhada &#8211; crocante por fora e macia por dentro. Escolha o recheio que mais gosta e aproveite essa del\u00edcia \u00fanica na Chelsea. Al\u00e9m dos croissants, descubra a nossa variedade de p\u00e3es artesanais preparados diariamente, sempre com ingredientes selecionados e t\u00e9cnicas que respeitam o tempo de massa. Para momentos especiais, os nossos bolos de anivers\u00e1rio artesanais s\u00e3o a escolha perfeita.<\/p>\n<p>[\/et_pb_text][\/et_pb_column][\/et_pb_row][et_pb_row column_structure=&#8221;1_2,1_2&#8243; use_custom_gutter=&#8221;on&#8221; gutter_width=&#8221;1&#8243; make_equal=&#8221;on&#8221; module_id=&#8221;croissants&#8221; _builder_version=&#8221;4.27.4&#8243; _module_preset=&#8221;default&#8221; max_width=&#8221;100%&#8221; module_alignment=&#8221;center&#8221; global_colors_info=&#8221;{}&#8221;][et_pb_column type=&#8221;1_2&#8243; _builder_version=&#8221;4.27.4&#8243; _module_preset=&#8221;default&#8221; global_colors_info=&#8221;{}&#8221;][et_pb_image src=&#8221;https:\/\/grupochelsea.pt\/wp-content\/uploads\/2025\/04\/icone-round.png&#8221; title_text=&#8221;icone-round&#8221; _builder_version=&#8221;4.27.4&#8243; _module_preset=&#8221;adfea349-b8ea-4da7-a425-3c5a91c5e4f0&#8243; width=&#8221;10%&#8221; global_colors_info=&#8221;{}&#8221;][\/et_pb_image][et_pb_text _builder_version=&#8221;4.27.4&#8243; _module_preset=&#8221;a3e803a4-49cf-4996-82eb-cfacb6a3087a&#8221; text_text_color=&#8221;gcid-798fe849-4cea-438b-8edc-6ac913077986&#8243; global_colors_info=&#8221;{%22gcid-798fe849-4cea-438b-8edc-6ac913077986%22:%91%22text_text_color%22%93}&#8221;]<\/p>\n<p>Croissants<\/p>\n<p>[\/et_pb_text][et_pb_text _builder_version=&#8221;4.27.4&#8243; _module_preset=&#8221;2548b2cc-530f-4d74-aa26-878e337304a3&#8243; text_text_color=&#8221;#303030&#8243; text_font_size=&#8221;1.2em&#8221; global_colors_info=&#8221;{}&#8221;]<\/p>\n<p>Cada croissant \u00e9 feito diariamente com todo o cuidado e pode ser personalizado ao seu gosto. Escolha entre recheios doces inspirados na tradi\u00e7\u00e3o portuguesa ou op\u00e7\u00f5es salgadas irresist\u00edveis:<\/p>\n<p>DOCES: Nutella, Kinder Bueno, doce de ovos, pistachio, lim\u00e3o, Biscoff, morango.<\/p>\n<p>SALGADOS: Queijo da Serra com presunto, pasta de frango, doce de ab\u00f3bora com requeij\u00e3o e noxes.<\/p>\n<p>Cada mordida traz a combina\u00e7\u00e3o perfeita; massa brioche meio folhada, crocante por fora, macia por dentro.<\/p>\n<p>Experimente.<\/p>\n<p>[\/et_pb_text][\/et_pb_column][et_pb_column type=&#8221;1_2&#8243; _builder_version=&#8221;4.27.4&#8243; _module_preset=&#8221;default&#8221; global_colors_info=&#8221;{}&#8221;][et_pb_image src=&#8221;https:\/\/grupochelsea.pt\/wp-content\/uploads\/2025\/04\/bg_croissant-01.png&#8221; _builder_version=&#8221;4.27.4&#8243; _module_preset=&#8221;default&#8221; module_alignment=&#8221;center&#8221; global_colors_info=&#8221;{}&#8221;][\/et_pb_image][\/et_pb_column][\/et_pb_row][et_pb_row column_structure=&#8221;1_2,1_2&#8243; use_custom_gutter=&#8221;on&#8221; gutter_width=&#8221;1&#8243; make_equal=&#8221;on&#8221; module_id=&#8221;pastelaria&#8221; _builder_version=&#8221;4.27.4&#8243; _module_preset=&#8221;default&#8221; max_width=&#8221;100%&#8221; module_alignment=&#8221;center&#8221; global_colors_info=&#8221;{}&#8221;][et_pb_column type=&#8221;1_2&#8243; _builder_version=&#8221;4.27.4&#8243; _module_preset=&#8221;default&#8221; global_colors_info=&#8221;{}&#8221;][et_pb_image src=&#8221;https:\/\/grupochelsea.pt\/wp-content\/uploads\/2025\/04\/bg_croissant-02.png&#8221; _builder_version=&#8221;4.27.4&#8243; _module_preset=&#8221;default&#8221; module_alignment=&#8221;center&#8221; global_colors_info=&#8221;{}&#8221;][\/et_pb_image][\/et_pb_column][et_pb_column type=&#8221;1_2&#8243; _builder_version=&#8221;4.27.4&#8243; _module_preset=&#8221;default&#8221; global_colors_info=&#8221;{}&#8221;][et_pb_image src=&#8221;https:\/\/grupochelsea.pt\/wp-content\/uploads\/2025\/04\/icone-round.png&#8221; title_text=&#8221;icone-round&#8221; _builder_version=&#8221;4.27.4&#8243; _module_preset=&#8221;adfea349-b8ea-4da7-a425-3c5a91c5e4f0&#8243; width=&#8221;10%&#8221; global_colors_info=&#8221;{}&#8221;][\/et_pb_image][et_pb_text _builder_version=&#8221;4.27.4&#8243; _module_preset=&#8221;a3e803a4-49cf-4996-82eb-cfacb6a3087a&#8221; text_text_color=&#8221;gcid-798fe849-4cea-438b-8edc-6ac913077986&#8243; global_colors_info=&#8221;{%22gcid-798fe849-4cea-438b-8edc-6ac913077986%22:%91%22text_text_color%22%93}&#8221;]<\/p>\n<p>Pastelaria<\/p>\n<p>[\/et_pb_text][et_pb_text _builder_version=&#8221;4.27.4&#8243; _module_preset=&#8221;2548b2cc-530f-4d74-aa26-878e337304a3&#8243; text_text_color=&#8221;#303030&#8243; text_font_size=&#8221;1.2em&#8221; global_colors_info=&#8221;{}&#8221;]<\/p>\n<p>A nossa pastelaria \u00e9 tradicional portuguesa, mas com uma abordagem contempor\u00e2nea. Respeitamos as receitas cl\u00e1ssicas enquanto exploramos novos sabores e apresenta\u00e7\u00f5es.<\/p>\n<p>A oportunidade de redescobrir os doces que fazem parte da nossa cultura e tradi\u00e7\u00e3o.<\/p>\n<p>[\/et_pb_text][\/et_pb_column][\/et_pb_row][et_pb_row use_custom_gutter=&#8221;on&#8221; gutter_width=&#8221;1&#8243; make_equal=&#8221;on&#8221; module_id=&#8221;nocoracaofaro&#8221; _builder_version=&#8221;4.27.4&#8243; _module_preset=&#8221;default&#8221; max_width=&#8221;100%&#8221; module_alignment=&#8221;center&#8221; global_colors_info=&#8221;{}&#8221;][et_pb_column type=&#8221;4_4&#8243; _builder_version=&#8221;4.27.4&#8243; _module_preset=&#8221;default&#8221; global_colors_info=&#8221;{}&#8221;][et_pb_image src=&#8221;https:\/\/grupochelsea.pt\/wp-content\/uploads\/2025\/04\/icone-round.png&#8221; title_text=&#8221;icone-round&#8221; _builder_version=&#8221;4.27.4&#8243; _module_preset=&#8221;adfea349-b8ea-4da7-a425-3c5a91c5e4f0&#8243; width=&#8221;5%&#8221; global_colors_info=&#8221;{}&#8221;][\/et_pb_image][et_pb_text _builder_version=&#8221;4.27.4&#8243; _module_preset=&#8221;a3e803a4-49cf-4996-82eb-cfacb6a3087a&#8221; text_text_color=&#8221;gcid-798fe849-4cea-438b-8edc-6ac913077986&#8243; global_colors_info=&#8221;{%22gcid-798fe849-4cea-438b-8edc-6ac913077986%22:%91%22text_text_color%22%93}&#8221;]<\/p>\n<p>No cora\u00e7\u00e3o de Faro<\/p>\n<p>[\/et_pb_text][et_pb_text _builder_version=&#8221;4.27.4&#8243; _module_preset=&#8221;2548b2cc-530f-4d74-aa26-878e337304a3&#8243; text_text_color=&#8221;#303030&#8243; text_font_size=&#8221;1.2em&#8221; global_colors_info=&#8221;{}&#8221;]<\/p>\n<p>Balc\u00e3o movimentado, caf\u00e9 quente, croissants frescos e boa conversa &#8211; a combina\u00e7\u00e3o perfeita para qualquer momento do dia. Leve para casa o nosso p\u00e3o artesanal, ideal para cada refei\u00e7\u00e3o, e celebre ocasi\u00f5es especiais com os nossos bolos de anivers\u00e1rio feitos \u00e0 m\u00e3o. Encomende o seu anteced\u00eancia e deixe-nos fazer parte dos seus momentos mais doces. Estamos aqui, todos os dias, no cora\u00e7\u00e3o de Faro, \u00e0 sua espera!<\/p>\n<p>[\/et_pb_text][\/et_pb_column][\/et_pb_row][et_pb_row column_structure=&#8221;1_2,1_2&#8243; use_custom_gutter=&#8221;on&#8221; gutter_width=&#8221;1&#8243; make_equal=&#8221;on&#8221; module_id=&#8221;servico&#8221; _builder_version=&#8221;4.27.4&#8243; _module_preset=&#8221;default&#8221; max_width=&#8221;100%&#8221; module_alignment=&#8221;center&#8221; global_colors_info=&#8221;{}&#8221;][et_pb_column type=&#8221;1_2&#8243; _builder_version=&#8221;4.27.4&#8243; _module_preset=&#8221;default&#8221; global_colors_info=&#8221;{}&#8221;][et_pb_image src=&#8221;https:\/\/grupochelsea.pt\/wp-content\/uploads\/2025\/04\/bg_croissant-03.png&#8221; _builder_version=&#8221;4.27.4&#8243; _module_preset=&#8221;default&#8221; module_alignment=&#8221;center&#8221; global_colors_info=&#8221;{}&#8221;][\/et_pb_image][\/et_pb_column][et_pb_column type=&#8221;1_2&#8243; _builder_version=&#8221;4.27.4&#8243; _module_preset=&#8221;default&#8221; global_colors_info=&#8221;{}&#8221;][et_pb_image src=&#8221;https:\/\/grupochelsea.pt\/wp-content\/uploads\/2025\/04\/bg_croissant-04.png&#8221; _builder_version=&#8221;4.27.4&#8243; _module_preset=&#8221;default&#8221; module_alignment=&#8221;center&#8221; global_colors_info=&#8221;{}&#8221;][\/et_pb_image][\/et_pb_column][\/et_pb_row][\/et_pb_section][et_pb_section fb_built=&#8221;1&#8243; _builder_version=&#8221;4.27.4&#8243; _module_preset=&#8221;default&#8221; background_color=&#8221;gcid-798fe849-4cea-438b-8edc-6ac913077986&#8243; global_colors_info=&#8221;{%22gcid-798fe849-4cea-438b-8edc-6ac913077986%22:%91%22background_color%22%93}&#8221;][et_pb_row module_id=&#8221;galeria&#8221; _builder_version=&#8221;4.27.4&#8243; _module_preset=&#8221;default&#8221; global_colors_info=&#8221;{}&#8221;][et_pb_column type=&#8221;4_4&#8243; _builder_version=&#8221;4.27.4&#8243; _module_preset=&#8221;default&#8221; global_colors_info=&#8221;{}&#8221;][et_pb_text _builder_version=&#8221;4.27.4&#8243; _module_preset=&#8221;default&#8221; text_font=&#8221;|||on|||||&#8221; text_text_color=&#8221;#FFFFFF&#8221; text_font_size=&#8221;2.5em&#8221; text_orientation=&#8221;center&#8221; custom_padding=&#8221;0vh||4vh||false|false&#8221; global_colors_info=&#8221;{}&#8221;]<\/p>\n<p>Galeria<\/p>\n<p>[\/et_pb_text][ds_image_gallery thumb_height=&#8221;200px&#8221; thumbs_navigation=&#8221;on&#8221; thumbs_navigation_on_hover=&#8221;on&#8221; thumbs_navigation_prev_icon_yn=&#8221;on&#8221; thumbs_navigation_prev_icon=&#8221;&#x44;||divi||400&#8243; thumbs_navigation_next_icon_yn=&#8221;on&#8221; thumbs_navigation_next_icon=&#8221;&#x45;||divi||400&#8243; thumbs_navigation_size=&#8221;50&#8243; thumbs_navigation_padding=&#8221;1&#8243; thumbs_navigation_color=&#8221;#FFFFFF&#8221; thumbs_navigation_position_horizontal=&#8221;-50px&#8221; main_autoplay=&#8221;on&#8221; _builder_version=&#8221;4.27.4&#8243; _module_preset=&#8221;default&#8221; height=&#8221;700px&#8221; global_colors_info=&#8221;{}&#8221;][ds_image_gallery_child item_image=&#8221;https:\/\/grupochelsea.pt\/wp-content\/uploads\/2025\/04\/20250303-4771.jpg&#8221; label=&#8221;1&#8243; _builder_version=&#8221;4.27.4&#8243; _module_preset=&#8221;default&#8221; global_colors_info=&#8221;{}&#8221;][\/ds_image_gallery_child][ds_image_gallery_child item_image=&#8221;https:\/\/grupochelsea.pt\/wp-content\/uploads\/2025\/04\/20250303-5094.jpg&#8221; label=&#8221;2&#8243; _builder_version=&#8221;4.27.4&#8243; _module_preset=&#8221;default&#8221; global_colors_info=&#8221;{}&#8221;][\/ds_image_gallery_child][ds_image_gallery_child item_image=&#8221;https:\/\/grupochelsea.pt\/wp-content\/uploads\/2025\/04\/20250303-5128.jpg&#8221; label=&#8221;3&#8243; _builder_version=&#8221;4.27.4&#8243; _module_preset=&#8221;default&#8221; global_colors_info=&#8221;{}&#8221;][\/ds_image_gallery_child][ds_image_gallery_child item_image=&#8221;https:\/\/grupochelsea.pt\/wp-content\/uploads\/2025\/04\/20250303-5045.jpg&#8221; label=&#8221;4&#8243; _builder_version=&#8221;4.27.4&#8243; _module_preset=&#8221;default&#8221; global_colors_info=&#8221;{}&#8221;][\/ds_image_gallery_child][ds_image_gallery_child item_image=&#8221;https:\/\/grupochelsea.pt\/wp-content\/uploads\/2025\/04\/20250303-5020.jpg&#8221; label=&#8221;6&#8243; _builder_version=&#8221;4.27.4&#8243; _module_preset=&#8221;default&#8221; global_colors_info=&#8221;{}&#8221;][\/ds_image_gallery_child][ds_image_gallery_child item_image=&#8221;https:\/\/grupochelsea.pt\/wp-content\/uploads\/2025\/04\/20250303-4775.jpg&#8221; label=&#8221;7&#8243; _builder_version=&#8221;4.27.4&#8243; _module_preset=&#8221;default&#8221; global_colors_info=&#8221;{}&#8221;][\/ds_image_gallery_child][ds_image_gallery_child item_image=&#8221;https:\/\/grupochelsea.pt\/wp-content\/uploads\/2025\/04\/20250331-9635.jpg&#8221; label=&#8221;8&#8243; _builder_version=&#8221;4.27.4&#8243; _module_preset=&#8221;default&#8221; global_colors_info=&#8221;{}&#8221;][\/ds_image_gallery_child][\/ds_image_gallery][\/et_pb_column][\/et_pb_row][\/et_pb_section][et_pb_section fb_built=&#8221;1&#8243; _builder_version=&#8221;4.27.4&#8243; _module_preset=&#8221;default&#8221; background_image=&#8221;https:\/\/grupochelsea.pt\/wp-content\/uploads\/2025\/03\/fundo-amarelo.png&#8221; background_size=&#8221;initial&#8221; background_repeat=&#8221;repeat-y&#8221; global_colors_info=&#8221;{}&#8221;][et_pb_row module_id=&#8221;horario&#8221; _builder_version=&#8221;4.27.4&#8243; _module_preset=&#8221;default&#8221; background_color=&#8221;gcid-798fe849-4cea-438b-8edc-6ac913077986&#8243; max_width=&#8221;100%&#8221; custom_padding=&#8221;4vh||4vh||false|false&#8221; global_colors_info=&#8221;{%22gcid-798fe849-4cea-438b-8edc-6ac913077986%22:%91%22background_color%22%93}&#8221;][et_pb_column type=&#8221;4_4&#8243; _builder_version=&#8221;4.27.4&#8243; _module_preset=&#8221;default&#8221; global_colors_info=&#8221;{}&#8221;][et_pb_text _builder_version=&#8221;4.27.4&#8243; _module_preset=&#8221;default&#8221; text_font=&#8221;|||on|||||&#8221; text_text_color=&#8221;#f6dcc7&#8243; text_font_size=&#8221;2.5em&#8221; text_orientation=&#8221;center&#8221; global_colors_info=&#8221;{}&#8221;]<\/p>\n<p>Hor\u00e1rio:<\/p>\n<p>[\/et_pb_text][et_pb_text _builder_version=&#8221;4.27.4&#8243; _module_preset=&#8221;default&#8221; text_text_color=&#8221;#F6DCC7&#8243; text_font_size=&#8221;1.2em&#8221; text_orientation=&#8221;center&#8221; width=&#8221;30%&#8221; module_alignment=&#8221;center&#8221; global_colors_info=&#8221;{}&#8221;]<\/p>\n<p>Todos os dias<br \/>das 07h30 \u00e0s 20h00.<\/p>\n<p>[\/et_pb_text][\/et_pb_column][\/et_pb_row][et_pb_row column_structure=&#8221;1_3,1_3,1_3&#8243; use_custom_gutter=&#8221;on&#8221; make_equal=&#8221;on&#8221; module_id=&#8221;contatos&#8221; _builder_version=&#8221;4.27.4&#8243; _module_preset=&#8221;default&#8221; max_width=&#8221;100%&#8221; module_alignment=&#8221;center&#8221; custom_margin=&#8221;||||false|false&#8221; custom_padding=&#8221;4vh||4vh||true|false&#8221; global_colors_info=&#8221;{}&#8221;][et_pb_column type=&#8221;1_3&#8243; _builder_version=&#8221;4.27.4&#8243; _module_preset=&#8221;default&#8221; global_colors_info=&#8221;{}&#8221;][et_pb_blurb title=&#8221;geral@grupochelsea.pt&#8221; image=&#8221;https:\/\/grupochelsea.pt\/wp-content\/uploads\/2025\/04\/icone-email-castanho.png&#8221; image_icon_width=&#8221;15%&#8221; image_icon_width_tablet=&#8221;10%&#8221; image_icon_width_phone=&#8221;15%&#8221; image_icon_width_last_edited=&#8221;on|phone&#8221; _builder_version=&#8221;4.27.4&#8243; _module_preset=&#8221;default&#8221; header_text_align=&#8221;center&#8221; header_text_color=&#8221;gcid-7e7699da-dcfd-4565-a996-9e3e86f29d6f&#8221; header_font_size=&#8221;1.2em&#8221; border_color_all_image=&#8221;gcid-798fe849-4cea-438b-8edc-6ac913077986&#8243; global_colors_info=&#8221;{%22gcid-7e7699da-dcfd-4565-a996-9e3e86f29d6f%22:%91%22header_text_color%22%93,%22gcid-798fe849-4cea-438b-8edc-6ac913077986%22:%91%22border_color_all_image%22%93}&#8221;][\/et_pb_blurb][\/et_pb_column][et_pb_column type=&#8221;1_3&#8243; _builder_version=&#8221;4.27.4&#8243; _module_preset=&#8221;default&#8221; global_colors_info=&#8221;{}&#8221;][et_pb_blurb title=&#8221;+351 289 828 459&#8243; image=&#8221;https:\/\/grupochelsea.pt\/wp-content\/uploads\/2025\/04\/icone-telefone-castanho.png&#8221; image_icon_width=&#8221;15%&#8221; _builder_version=&#8221;4.27.4&#8243; _module_preset=&#8221;default&#8221; header_text_align=&#8221;center&#8221; header_text_color=&#8221;gcid-7e7699da-dcfd-4565-a996-9e3e86f29d6f&#8221; header_font_size=&#8221;1.2em&#8221; body_text_align=&#8221;center&#8221; body_text_color=&#8221;#303030&#8243; global_colors_info=&#8221;{%22gcid-7e7699da-dcfd-4565-a996-9e3e86f29d6f%22:%91%22header_text_color%22%93}&#8221;]<\/p>\n<p>(chamada p\/ rede fixa nacional)<\/p>\n<p>[\/et_pb_blurb][\/et_pb_column][et_pb_column type=&#8221;1_3&#8243; _builder_version=&#8221;4.27.4&#8243; _module_preset=&#8221;default&#8221; global_colors_info=&#8221;{}&#8221;][et_pb_blurb image=&#8221;https:\/\/grupochelsea.pt\/wp-content\/uploads\/2025\/04\/icone-localizacao-castanho.png&#8221; image_icon_width=&#8221;15%&#8221; _builder_version=&#8221;4.27.4&#8243; _module_preset=&#8221;default&#8221; header_text_align=&#8221;center&#8221; header_text_color=&#8221;gcid-8287abc9-3ad3-438f-af62-1b50795c756d&#8221; header_font_size=&#8221;1em&#8221; body_text_color=&#8221;gcid-7e7699da-dcfd-4565-a996-9e3e86f29d6f&#8221; body_font_size=&#8221;1.2em&#8221; text_orientation=&#8221;center&#8221; global_colors_info=&#8221;{%22gcid-8287abc9-3ad3-438f-af62-1b50795c756d%22:%91%22header_text_color%22%93,%22gcid-7e7699da-dcfd-4565-a996-9e3e86f29d6f%22:%91%22body_text_color%22%93}&#8221;]<\/p>\n<p>Rua General Teofilo da Trindade 34,<br \/>8000-235 Faro<br \/>PORTUGAL<\/p>\n<p>[\/et_pb_blurb][\/et_pb_column][\/et_pb_row][\/et_pb_section][et_pb_section fb_built=&#8221;1&#8243; fullwidth=&#8221;on&#8221; _builder_version=&#8221;4.27.4&#8243; _module_preset=&#8221;default&#8221; filter_saturate=&#8221;0%&#8221; global_colors_info=&#8221;{}&#8221;][et_pb_fullwidth_code _builder_version=&#8221;4.27.4&#8243; _module_preset=&#8221;default&#8221; global_colors_info=&#8221;{}&#8221;]<iframe src=\"https:\/\/www.google.com\/maps\/embed?pb=!1m18!1m12!1m3!1d3185.5547461843103!2d-7.936916941092527!3d37.020417283762534!2m3!1f0!2f0!3f0!3m2!1i1024!2i768!4f13.1!3m3!1m2!1s0xd0552c609c5c9e5%3A0xf8557fecd5e26813!2sChelsea!5e0!3m2!1spt-PT!2spt!4v1746022401864!5m2!1spt-PT!2spt\" width=\"100%\" height=\"450\" style=\"border:0;\" allowfullscreen=\"\" loading=\"lazy\" referrerpolicy=\"no-referrer-when-downgrade\"><\/iframe>[\/et_pb_fullwidth_code][\/et_pb_section]<\/p>\n","protected":false},"excerpt":{"rendered":"<p>Desfrute do melhor da padaria e pastelaria portuguesa com um toque contempor\u00e2neo. O nosso grande destaque s\u00e3o os aut\u00eanticos croissants portugueses, feitos na hora, com massa brioche meio folhada &#8211; crocante por fora e macia por dentro. Escolha o recheio que mais gosta e aproveite essa del\u00edcia \u00fanica na Chelsea. Al\u00e9m dos croissants, descubra a [&hellip;]<\/p>\n","protected":false},"author":2,"featured_media":0,"parent":0,"menu_order":0,"comment_status":"closed","ping_status":"closed","template":"","meta":{"_et_pb_use_builder":"on","_et_pb_old_content":"","_et_gb_content_width":"","footnotes":""},"class_list":["post-861","page","type-page","status-publish","hentry"],"_links":{"self":[{"href":"https:\/\/grupochelsea.pt\/en\/wp-json\/wp\/v2\/pages\/861","targetHints":{"allow":["GET"]}}],"collection":[{"href":"https:\/\/grupochelsea.pt\/en\/wp-json\/wp\/v2\/pages"}],"about":[{"href":"https:\/\/grupochelsea.pt\/en\/wp-json\/wp\/v2\/types\/page"}],"author":[{"embeddable":true,"href":"https:\/\/grupochelsea.pt\/en\/wp-json\/wp\/v2\/users\/2"}],"replies":[{"embeddable":true,"href":"https:\/\/grupochelsea.pt\/en\/wp-json\/wp\/v2\/comments?post=861"}],"version-history":[{"count":22,"href":"https:\/\/grupochelsea.pt\/en\/wp-json\/wp\/v2\/pages\/861\/revisions"}],"predecessor-version":[{"id":1003,"href":"https:\/\/grupochelsea.pt\/en\/wp-json\/wp\/v2\/pages\/861\/revisions\/1003"}],"wp:attachment":[{"href":"https:\/\/grupochelsea.pt\/en\/wp-json\/wp\/v2\/media?parent=861"}],"curies":[{"name":"wp","href":"https:\/\/api.w.org\/{rel}","templated":true}]}}