{"id":747,"date":"2025-02-25T22:24:05","date_gmt":"2025-02-25T22:24:05","guid":{"rendered":"https:\/\/grupochelsea.pt\/?page_id=747"},"modified":"2025-02-27T10:32:20","modified_gmt":"2025-02-27T10:32:20","slug":"cookie-policy","status":"publish","type":"page","link":"https:\/\/grupochelsea.pt\/en\/cookie-policy\/","title":{"rendered":"Pol\u00edticas de Cookies"},"content":{"rendered":"<p>[et_pb_section fb_built=&#8221;1&#8243; _builder_version=&#8221;4.27.4&#8243; _module_preset=&#8221;default&#8221; global_colors_info=&#8221;{}&#8221;][et_pb_row _builder_version=&#8221;4.27.4&#8243; _module_preset=&#8221;default&#8221; global_colors_info=&#8221;{}&#8221;][et_pb_column type=&#8221;4_4&#8243; _builder_version=&#8221;4.27.4&#8243; _module_preset=&#8221;default&#8221; global_colors_info=&#8221;{}&#8221;][et_pb_text _builder_version=&#8221;4.27.4&#8243; _module_preset=&#8221;default&#8221; global_colors_info=&#8221;{}&#8221;]<\/p>\n<h2 data-start=\"237\" data-end=\"257\"><strong>Pol\u00edtica de Cookies &#8211; Chelsea<\/strong><\/h2>\n<p><strong data-start=\"240\" data-end=\"257\"><\/strong><\/p>\n<p><strong data-start=\"240\" data-end=\"257\"><\/strong><\/p>\n<h2 data-start=\"237\" data-end=\"257\"><strong data-start=\"240\" data-end=\"257\">1. Introdu\u00e7\u00e3o<\/strong><\/h2>\n<p data-start=\"258\" data-end=\"494\">O website do <strong data-start=\"271\" data-end=\"294\">Restaurante Chelsea<\/strong> utiliza cookies para melhorar a experi\u00eancia do utilizador e otimizar os nossos servi\u00e7os. Esta Pol\u00edtica de Cookies explica o que s\u00e3o cookies, como os utilizamos e como pode gerir as suas prefer\u00eancias.<\/p>\n<h2 data-start=\"496\" data-end=\"524\"><strong data-start=\"499\" data-end=\"524\">2. O que s\u00e3o Cookies?<\/strong><\/h2>\n<p data-start=\"525\" data-end=\"776\">Os <strong data-start=\"528\" data-end=\"539\">cookies<\/strong> s\u00e3o pequenos ficheiros de texto armazenados no seu dispositivo (computador, smartphone, tablet) quando visita um website. Estes ficheiros permitem que o site reconhe\u00e7a o seu dispositivo e armazene informa\u00e7\u00f5es sobre as suas prefer\u00eancias.<\/p>\n<h2 data-start=\"778\" data-end=\"815\"><strong data-start=\"781\" data-end=\"815\">3. Tipos de Cookies Utilizados<\/strong><\/h2>\n<p data-start=\"816\" data-end=\"874\">No nosso website utilizamos os seguintes tipos de cookies:<\/p>\n<h3 data-start=\"876\" data-end=\"921\"><strong data-start=\"880\" data-end=\"921\">3.1. Cookies Essenciais (Necess\u00e1rios)<\/strong><\/h3>\n<ul data-start=\"922\" data-end=\"1103\">\n<li data-start=\"922\" data-end=\"968\">Garantem o funcionamento correto do website;<\/li>\n<li data-start=\"969\" data-end=\"1039\">Permitem funcionalidades como navega\u00e7\u00e3o segura e gest\u00e3o de reservas;<\/li>\n<li data-start=\"1040\" data-end=\"1103\">Sem estes cookies, o website pode n\u00e3o funcionar corretamente.<\/li>\n<\/ul>\n<h3 data-start=\"1105\" data-end=\"1154\"><strong data-start=\"1109\" data-end=\"1154\">3.2. Cookies de Desempenho e Estat\u00edsticas<\/strong><\/h3>\n<ul data-start=\"1155\" data-end=\"1323\">\n<li data-start=\"1155\" data-end=\"1228\">Recolhem informa\u00e7\u00f5es an\u00f3nimas sobre como os visitantes utilizam o site;<\/li>\n<li data-start=\"1229\" data-end=\"1294\">Ajudam-nos a melhorar a funcionalidade e desempenho do website;<\/li>\n<li data-start=\"1295\" data-end=\"1323\">Exemplo: Google Analytics.<\/li>\n<\/ul>\n<h3 data-start=\"1325\" data-end=\"1363\"><strong data-start=\"1329\" data-end=\"1363\">3.3. Cookies de Funcionalidade<\/strong><\/h3>\n<ul data-start=\"1364\" data-end=\"1483\">\n<li data-start=\"1364\" data-end=\"1443\">Permitem lembrar as suas prefer\u00eancias e escolhas (como idioma e localiza\u00e7\u00e3o);<\/li>\n<li data-start=\"1444\" data-end=\"1483\">Melhoram a experi\u00eancia do utilizador.<\/li>\n<\/ul>\n<h3 data-start=\"1485\" data-end=\"1532\"><strong data-start=\"1489\" data-end=\"1532\">3.4. Cookies de Publicidade e Marketing<\/strong><\/h3>\n<ul data-start=\"1533\" data-end=\"1683\">\n<li data-start=\"1533\" data-end=\"1615\">Utilizados para apresentar an\u00fancios personalizados com base nos seus interesses;<\/li>\n<li data-start=\"1616\" data-end=\"1683\">Podem ser configurados por terceiros, como Google Ads e Facebook.<\/li>\n<\/ul>\n<h2 data-start=\"1685\" data-end=\"1715\"><strong data-start=\"1688\" data-end=\"1715\">4. Cookies de Terceiros<\/strong><\/h2>\n<p data-start=\"1716\" data-end=\"1802\">Podemos utilizar servi\u00e7os de terceiros que tamb\u00e9m definem cookies no nosso site, como:<\/p>\n<ul data-start=\"1803\" data-end=\"1952\">\n<li data-start=\"1803\" data-end=\"1847\"><strong data-start=\"1805\" data-end=\"1825\">Google Analytics<\/strong> (an\u00e1lise de tr\u00e1fego);<\/li>\n<li data-start=\"1848\" data-end=\"1895\"><strong data-start=\"1850\" data-end=\"1868\">Facebook Pixel<\/strong> (campanhas publicit\u00e1rias);<\/li>\n<li data-start=\"1896\" data-end=\"1952\"><strong data-start=\"1898\" data-end=\"1936\">Plataformas de reservas e entregas<\/strong> (se aplic\u00e1vel).<\/li>\n<\/ul>\n<p data-start=\"1954\" data-end=\"2032\">Estes servi\u00e7os seguem as suas pr\u00f3prias <strong data-start=\"1993\" data-end=\"2031\">pol\u00edticas de privacidade e cookies<\/strong>.<\/p>\n<h2 data-start=\"2034\" data-end=\"2075\"><strong data-start=\"2037\" data-end=\"2075\">5. Gest\u00e3o e Desativa\u00e7\u00e3o de Cookies<\/strong><\/h2>\n<p data-start=\"2076\" data-end=\"2143\">Pode gerir ou desativar cookies nas configura\u00e7\u00f5es do seu navegador:<\/p>\n<ul data-start=\"2145\" data-end=\"2547\">\n<li data-start=\"2145\" data-end=\"2235\"><strong data-start=\"2147\" data-end=\"2165\">Google Chrome:<\/strong> <a data-start=\"2166\" data-end=\"2235\" rel=\"noopener\" target=\"_new\">Gerir cookies<\/a><\/li>\n<li data-start=\"2236\" data-end=\"2339\"><strong data-start=\"2238\" data-end=\"2258\">Mozilla Firefox:<\/strong> <a data-start=\"2259\" data-end=\"2339\" rel=\"noopener\" target=\"_new\" href=\"https:\/\/support.mozilla.org\/pt-PT\/kb\/ativar-e-desativar-cookies\">Gerir cookies<\/a><\/li>\n<li data-start=\"2340\" data-end=\"2429\"><strong data-start=\"2342\" data-end=\"2353\">Safari:<\/strong> <a data-start=\"2354\" data-end=\"2429\" rel=\"noopener\" target=\"_new\" href=\"https:\/\/support.apple.com\/pt-pt\/guide\/safari\/sfri11471\/mac\">Gerir cookies<\/a><\/li>\n<li data-start=\"2430\" data-end=\"2547\"><strong data-start=\"2432\" data-end=\"2451\">Microsoft Edge:<\/strong> <a data-start=\"2452\" data-end=\"2547\" rel=\"noopener\" target=\"_new\" href=\"https:\/\/support.microsoft.com\/pt-pt\/help\/4027947\/microsoft-edge-delete-cookies\">Gerir cookies<\/a><\/li>\n<\/ul>\n<p data-start=\"2549\" data-end=\"2643\">Ao desativar certos cookies, algumas funcionalidades do site podem n\u00e3o funcionar corretamente.<\/p>\n<h2 data-start=\"2645\" data-end=\"2690\"><strong data-start=\"2648\" data-end=\"2690\">6. Atualiza\u00e7\u00f5es da Pol\u00edtica de Cookies<\/strong><\/h2>\n<p data-start=\"2691\" data-end=\"2800\">Podemos atualizar esta Pol\u00edtica de Cookies periodicamente. Quaisquer altera\u00e7\u00f5es ser\u00e3o comunicadas no website.<\/p>\n<h2 data-start=\"2802\" data-end=\"2820\"><strong data-start=\"2805\" data-end=\"2820\">7. Contacto<\/strong><\/h2>\n<p data-start=\"2821\" data-end=\"2900\">Se tiver d\u00favidas sobre esta Pol\u00edtica de Cookies, pode contactar-nos atrav\u00e9s de:<\/p>\n<ul data-start=\"2901\" data-end=\"3001\">\n<li data-start=\"2901\" data-end=\"2949\"><strong data-start=\"2903\" data-end=\"2914\">E-mail:<\/strong> <a data-start=\"2915\" data-end=\"2949\" rel=\"noopener\">geral@grupochelsea.pt<\/a><\/li>\n<li data-start=\"2950\" data-end=\"3001\"><strong data-start=\"2952\" data-end=\"2963\">Morada:<\/strong> Rua 1\u00ba de Dezembro, n\u00ba 20 8000-410 Faro PORTUGAL<\/li>\n<\/ul>\n<p data-start=\"3003\" data-end=\"3033\">\u00daltima atualiza\u00e7\u00e3o: 25 Fevereiro 2025<\/p>\n<p>[\/et_pb_text][\/et_pb_column][\/et_pb_row][\/et_pb_section]<\/p>\n","protected":false},"excerpt":{"rendered":"<p>Pol\u00edtica de Cookies &#8211; Chelsea 1. Introdu\u00e7\u00e3o O website do Restaurante Chelsea utiliza cookies para melhorar a experi\u00eancia do utilizador e otimizar os nossos servi\u00e7os. Esta Pol\u00edtica de Cookies explica o que s\u00e3o cookies, como os utilizamos e como pode gerir as suas prefer\u00eancias. 2. O que s\u00e3o Cookies? Os cookies s\u00e3o pequenos ficheiros de [&hellip;]<\/p>\n","protected":false},"author":1,"featured_media":0,"parent":0,"menu_order":0,"comment_status":"closed","ping_status":"closed","template":"","meta":{"_et_pb_use_builder":"on","_et_pb_old_content":"","_et_gb_content_width":"","footnotes":""},"class_list":["post-747","page","type-page","status-publish","hentry"],"_links":{"self":[{"href":"https:\/\/grupochelsea.pt\/en\/wp-json\/wp\/v2\/pages\/747","targetHints":{"allow":["GET"]}}],"collection":[{"href":"https:\/\/grupochelsea.pt\/en\/wp-json\/wp\/v2\/pages"}],"about":[{"href":"https:\/\/grupochelsea.pt\/en\/wp-json\/wp\/v2\/types\/page"}],"author":[{"embeddable":true,"href":"https:\/\/grupochelsea.pt\/en\/wp-json\/wp\/v2\/users\/1"}],"replies":[{"embeddable":true,"href":"https:\/\/grupochelsea.pt\/en\/wp-json\/wp\/v2\/comments?post=747"}],"version-history":[{"count":3,"href":"https:\/\/grupochelsea.pt\/en\/wp-json\/wp\/v2\/pages\/747\/revisions"}],"predecessor-version":[{"id":771,"href":"https:\/\/grupochelsea.pt\/en\/wp-json\/wp\/v2\/pages\/747\/revisions\/771"}],"wp:attachment":[{"href":"https:\/\/grupochelsea.pt\/en\/wp-json\/wp\/v2\/media?parent=747"}],"curies":[{"name":"wp","href":"https:\/\/api.w.org\/{rel}","templated":true}]}}