{"id":344,"date":"2025-02-19T16:07:39","date_gmt":"2025-02-19T16:07:39","guid":{"rendered":"https:\/\/grupochelsea.pt\/?page_id=344"},"modified":"2025-05-28T15:27:03","modified_gmt":"2025-05-28T15:27:03","slug":"chelsea-gelataria-croissanteria","status":"publish","type":"page","link":"https:\/\/grupochelsea.pt\/en\/chelsea-gelataria-croissanteria\/","title":{"rendered":"Chelsea Gelataria &amp; Croissanteria"},"content":{"rendered":"<p>[et_pb_section fb_built=&#8221;1&#8243; _builder_version=&#8221;4.27.4&#8243; _module_preset=&#8221;default&#8221; background_image=&#8221;https:\/\/grupochelsea.pt\/wp-content\/uploads\/2025\/04\/gelataria_chelsea_0-scaled.webp&#8221; height=&#8221;80vh&#8221; global_colors_info=&#8221;{}&#8221;][et_pb_row _builder_version=&#8221;4.27.4&#8243; _module_preset=&#8221;default&#8221; global_colors_info=&#8221;{}&#8221;][et_pb_column type=&#8221;4_4&#8243; _builder_version=&#8221;4.27.4&#8243; _module_preset=&#8221;default&#8221; global_colors_info=&#8221;{}&#8221;][et_pb_text _builder_version=&#8221;4.27.4&#8243; _module_preset=&#8221;default&#8221; text_font=&#8221;|||on|||||&#8221; text_text_color=&#8221;#FFFFFF&#8221; text_font_size=&#8221;2.2em&#8221; transform_scale_tablet=&#8221;&#8221; transform_scale_phone=&#8221;&#8221; transform_scale_last_edited=&#8221;on|phone&#8221; transform_translate=&#8221;0px|20vh&#8221; transform_translate_tablet=&#8221;0px|20vh&#8221; transform_translate_phone=&#8221;0px|0vh&#8221; transform_translate_last_edited=&#8221;on|phone&#8221; transform_translate_linked=&#8221;off&#8221; transform_rotate_tablet=&#8221;&#8221; transform_rotate_phone=&#8221;&#8221; transform_rotate_last_edited=&#8221;on|phone&#8221; transform_skew_tablet=&#8221;&#8221; transform_skew_phone=&#8221;&#8221; transform_skew_last_edited=&#8221;on|phone&#8221; transform_origin_tablet=&#8221;&#8221; transform_origin_phone=&#8221;&#8221; transform_origin_last_edited=&#8221;on|phone&#8221; transform_styles_last_edited=&#8221;on|phone&#8221; transform_styles_tablet=&#8221;&#8221; transform_styles_phone=&#8221;&#8221; global_colors_info=&#8221;{}&#8221;]<\/p>\n<p>Croissant com gelado<\/p>\n<p>[\/et_pb_text][\/et_pb_column][\/et_pb_row][\/et_pb_section][et_pb_section fb_built=&#8221;1&#8243; _builder_version=&#8221;4.27.4&#8243; _module_preset=&#8221;default&#8221; background_image=&#8221;https:\/\/grupochelsea.pt\/wp-content\/uploads\/2025\/03\/fundo-rosa.png&#8221; background_size=&#8221;initial&#8221; background_repeat=&#8221;repeat-y&#8221; global_colors_info=&#8221;{}&#8221;][et_pb_row column_structure=&#8221;1_3,2_3&#8243; use_custom_gutter=&#8221;on&#8221; gutter_width=&#8221;1&#8243; make_equal=&#8221;on&#8221; module_id=&#8221;conceito&#8221; _builder_version=&#8221;4.27.4&#8243; _module_preset=&#8221;default&#8221; width=&#8221;60%&#8221; width_tablet=&#8221;50%&#8221; width_phone=&#8221;80%&#8221; width_last_edited=&#8221;on|phone&#8221; max_width=&#8221;100%&#8221; module_alignment=&#8221;center&#8221; global_colors_info=&#8221;{}&#8221;][et_pb_column type=&#8221;1_3&#8243; _builder_version=&#8221;4.27.4&#8243; _module_preset=&#8221;default&#8221; custom_css_main_element=&#8221;display: flex;||align-items: center;&#8221; global_colors_info=&#8221;{}&#8221;][et_pb_image src=&#8221;https:\/\/grupochelsea.pt\/wp-content\/uploads\/2025\/02\/logo-chelsea-gelataria.svg&#8221; title_text=&#8221;logo chelsea gelataria&#8221; align=&#8221;center&#8221; _builder_version=&#8221;4.27.4&#8243; _module_preset=&#8221;default&#8221; width=&#8221;55%&#8221; module_alignment=&#8221;center&#8221; custom_padding=&#8221;||1vh||false|false&#8221; global_colors_info=&#8221;{}&#8221;][\/et_pb_image][\/et_pb_column][et_pb_column type=&#8221;2_3&#8243; _builder_version=&#8221;4.27.4&#8243; _module_preset=&#8221;default&#8221; global_colors_info=&#8221;{}&#8221;][et_pb_text _builder_version=&#8221;4.27.4&#8243; _module_preset=&#8221;default&#8221; text_text_color=&#8221;gcid-7e7699da-dcfd-4565-a996-9e3e86f29d6f&#8221; text_font_size=&#8221;1.2em&#8221; width=&#8221;100%&#8221; width_tablet=&#8221;80%&#8221; width_phone=&#8221;100%&#8221; width_last_edited=&#8221;on|phone&#8221; max_width=&#8221;100%&#8221; module_alignment=&#8221;center&#8221; global_colors_info=&#8221;{%22gcid-7e7699da-dcfd-4565-a996-9e3e86f29d6f%22:%91%22text_text_color%22%93}&#8221;]<\/p>\n<p>Cada gelado \u00e9 uma obra de arte e uma aventura para o paladar. Cada croissant \u00e9 um momento conforto e aconchego. Localizada na baixa de Faro, a nossa gelataria \/croissanteria \u00e9 um ref\u00fagio para os amantes de doces e da criatividade. De fabrico artesanal, n\u00e3o fazemos apenas gelados e croissants, criamos doses de felicidade misturadas com uma pitada de imagina\u00e7\u00e3o e uma colher cheia de humor. A nossa criatividade n\u00e3o tem limites, assim comprova os mais de 300 sabores diferentes de gelados que j\u00e1 criamos. Sejam bem-vindos ao nosso mundo, onde o gelado \u00e9 sempre colorido, o croissant quentinho a decora\u00e7\u00e3o \u00e9 divertida, e o bom humor \u00e9 obrigat\u00f3rio. Venha provar o sabor da nossa criatividade.<\/p>\n<p>[\/et_pb_text][\/et_pb_column][\/et_pb_row][et_pb_row use_custom_gutter=&#8221;on&#8221; gutter_width=&#8221;1&#8243; make_equal=&#8221;on&#8221; _builder_version=&#8221;4.27.4&#8243; _module_preset=&#8221;default&#8221; max_width=&#8221;100%&#8221; module_alignment=&#8221;center&#8221; global_colors_info=&#8221;{}&#8221;][et_pb_column type=&#8221;4_4&#8243; _builder_version=&#8221;4.27.4&#8243; _module_preset=&#8221;default&#8221; global_colors_info=&#8221;{}&#8221;][et_pb_image src=&#8221;https:\/\/grupochelsea.pt\/wp-content\/uploads\/2025\/04\/gelataria_chelsea_5-scaled.webp&#8221; title_text=&#8221;gelataria_chelsea_5&#8243; _builder_version=&#8221;4.27.4&#8243; _module_preset=&#8221;default&#8221; module_alignment=&#8221;center&#8221; global_colors_info=&#8221;{}&#8221;][\/et_pb_image][\/et_pb_column][\/et_pb_row][et_pb_row use_custom_gutter=&#8221;on&#8221; gutter_width=&#8221;1&#8243; make_equal=&#8221;on&#8221; _builder_version=&#8221;4.27.4&#8243; _module_preset=&#8221;default&#8221; max_width=&#8221;100%&#8221; module_alignment=&#8221;center&#8221; global_colors_info=&#8221;{}&#8221;][et_pb_column type=&#8221;4_4&#8243; _builder_version=&#8221;4.27.4&#8243; _module_preset=&#8221;default&#8221; global_colors_info=&#8221;{}&#8221;][et_pb_image src=&#8221;https:\/\/grupochelsea.pt\/wp-content\/uploads\/2025\/04\/gelataria_chelsea-scaled.webp&#8221; title_text=&#8221;gelataria_chelsea&#8221; _builder_version=&#8221;4.27.4&#8243; _module_preset=&#8221;default&#8221; module_alignment=&#8221;center&#8221; global_colors_info=&#8221;{}&#8221;][\/et_pb_image][\/et_pb_column][\/et_pb_row][et_pb_row use_custom_gutter=&#8221;on&#8221; gutter_width=&#8221;1&#8243; make_equal=&#8221;on&#8221; module_id=&#8221;gelados&#8221; _builder_version=&#8221;4.27.4&#8243; _module_preset=&#8221;default&#8221; max_width=&#8221;100%&#8221; module_alignment=&#8221;center&#8221; global_colors_info=&#8221;{}&#8221;][et_pb_column type=&#8221;4_4&#8243; _builder_version=&#8221;4.27.4&#8243; _module_preset=&#8221;default&#8221; global_colors_info=&#8221;{}&#8221;][et_pb_image src=&#8221;https:\/\/grupochelsea.pt\/wp-content\/uploads\/2025\/02\/Elipse-6.png&#8221; title_text=&#8221;Elipse 6&#8243; align=&#8221;center&#8221; _builder_version=&#8221;4.27.4&#8243; _module_preset=&#8221;default&#8221; global_colors_info=&#8221;{}&#8221;][\/et_pb_image][et_pb_text _builder_version=&#8221;4.27.4&#8243; _module_preset=&#8221;default&#8221; text_font=&#8221;|||on|||||&#8221; text_text_color=&#8221;#9f3e3b&#8221; text_font_size=&#8221;2.5em&#8221; text_line_height=&#8221;1em&#8221; text_orientation=&#8221;center&#8221; width=&#8221;45%&#8221; module_alignment=&#8221;center&#8221; custom_padding=&#8221;2vh||2vh||false|false&#8221; text_line_height_tablet=&#8221;&#8221; text_line_height_phone=&#8221;1.2em&#8221; text_line_height_last_edited=&#8221;on|phone&#8221; global_colors_info=&#8221;{}&#8221;]<\/p>\n<p>300 sabores, croissants com gelado e sorrisos<\/p>\n<p>[\/et_pb_text][et_pb_text _builder_version=&#8221;4.27.4&#8243; _module_preset=&#8221;default&#8221; text_text_color=&#8221;gcid-7e7699da-dcfd-4565-a996-9e3e86f29d6f&#8221; text_font_size=&#8221;1.2em&#8221; text_orientation=&#8221;center&#8221; width=&#8221;56%&#8221; max_width=&#8221;100%&#8221; module_alignment=&#8221;center&#8221; global_colors_info=&#8221;{%22gcid-7e7699da-dcfd-4565-a996-9e3e86f29d6f%22:%91%22text_text_color%22,%22text_text_color%22%93}&#8221;]<\/p>\n<p>Cada sorriso vem acompanhado de uma explos\u00e3o de sabor, seja num cone, numa ta\u00e7a ou num guardanapo. \u00c0s vezes, tudo o que precisamos \u00e9 de um gelado artesanal ou de um croissant recheado para tornar o dia mais leve e divertido. Cada sabor \u00e9 uma nova descoberta \u2014 qual vais escolher hoje?<\/p>\n<p>[\/et_pb_text][\/et_pb_column][\/et_pb_row][et_pb_row use_custom_gutter=&#8221;on&#8221; gutter_width=&#8221;1&#8243; make_equal=&#8221;on&#8221; _builder_version=&#8221;4.27.4&#8243; _module_preset=&#8221;default&#8221; max_width=&#8221;100%&#8221; module_alignment=&#8221;center&#8221; global_colors_info=&#8221;{}&#8221;][et_pb_column type=&#8221;4_4&#8243; _builder_version=&#8221;4.27.4&#8243; _module_preset=&#8221;default&#8221; global_colors_info=&#8221;{}&#8221;][et_pb_image src=&#8221;https:\/\/grupochelsea.pt\/wp-content\/uploads\/2025\/04\/gelataria_chelsea_6-scaled.webp&#8221; title_text=&#8221;gelataria_chelsea_6&#8243; _builder_version=&#8221;4.27.4&#8243; _module_preset=&#8221;default&#8221; module_alignment=&#8221;center&#8221; global_colors_info=&#8221;{}&#8221;][\/et_pb_image][\/et_pb_column][\/et_pb_row][\/et_pb_section][et_pb_section fb_built=&#8221;1&#8243; _builder_version=&#8221;4.27.4&#8243; _module_preset=&#8221;default&#8221; background_color=&#8221;#F7C7CF&#8221; global_colors_info=&#8221;{}&#8221;][et_pb_row module_id=&#8221;galeria&#8221; _builder_version=&#8221;4.27.4&#8243; _module_preset=&#8221;default&#8221; global_colors_info=&#8221;{}&#8221;][et_pb_column type=&#8221;4_4&#8243; _builder_version=&#8221;4.27.4&#8243; _module_preset=&#8221;default&#8221; global_colors_info=&#8221;{}&#8221;][et_pb_text _builder_version=&#8221;4.27.4&#8243; _module_preset=&#8221;default&#8221; text_font=&#8221;|||on|||||&#8221; text_text_color=&#8221;#9f3e3b&#8221; text_font_size=&#8221;2.5em&#8221; text_orientation=&#8221;center&#8221; custom_padding=&#8221;0vh||4vh||false|false&#8221; global_colors_info=&#8221;{}&#8221;]<\/p>\n<p>Galeria<\/p>\n<p>[\/et_pb_text][ds_image_gallery thumb_height=&#8221;200px&#8221; thumbs_navigation=&#8221;on&#8221; thumbs_navigation_on_hover=&#8221;on&#8221; thumbs_navigation_prev_icon_yn=&#8221;on&#8221; thumbs_navigation_prev_icon=&#8221;&#x44;||divi||400&#8243; thumbs_navigation_next_icon_yn=&#8221;on&#8221; thumbs_navigation_next_icon=&#8221;&#x45;||divi||400&#8243; thumbs_navigation_size=&#8221;50&#8243; thumbs_navigation_padding=&#8221;1&#8243; thumbs_navigation_color=&#8221;#FFFFFF&#8221; thumbs_navigation_position_horizontal=&#8221;-50px&#8221; main_autoplay=&#8221;on&#8221; _builder_version=&#8221;4.27.4&#8243; _module_preset=&#8221;default&#8221; height=&#8221;700px&#8221; global_colors_info=&#8221;{}&#8221;][ds_image_gallery_child item_image=&#8221;https:\/\/grupochelsea.pt\/wp-content\/uploads\/2025\/02\/Fotos-Gelataria0029.jpg&#8221; label=&#8221;1&#8243; _builder_version=&#8221;4.27.4&#8243; _module_preset=&#8221;default&#8221; global_colors_info=&#8221;{}&#8221;][\/ds_image_gallery_child][ds_image_gallery_child item_image=&#8221;https:\/\/grupochelsea.pt\/wp-content\/uploads\/2025\/02\/Fotos-Gelataria0031.jpg&#8221; label=&#8221;2&#8243; _builder_version=&#8221;4.27.4&#8243; _module_preset=&#8221;default&#8221; global_colors_info=&#8221;{}&#8221;][\/ds_image_gallery_child][ds_image_gallery_child item_image=&#8221;https:\/\/grupochelsea.pt\/wp-content\/uploads\/2025\/02\/Fotos-Gelataria0032.jpg&#8221; label=&#8221;3&#8243; _builder_version=&#8221;4.27.4&#8243; _module_preset=&#8221;default&#8221; global_colors_info=&#8221;{}&#8221;][\/ds_image_gallery_child][ds_image_gallery_child item_image=&#8221;https:\/\/grupochelsea.pt\/wp-content\/uploads\/2025\/02\/Fotos-Gelataria0025.jpg&#8221; label=&#8221;4&#8243; _builder_version=&#8221;4.27.4&#8243; _module_preset=&#8221;default&#8221; global_colors_info=&#8221;{}&#8221;][\/ds_image_gallery_child][ds_image_gallery_child item_image=&#8221;https:\/\/grupochelsea.pt\/wp-content\/uploads\/2025\/02\/Fotos-Gelataria0020.jpg&#8221; label=&#8221;6&#8243; _builder_version=&#8221;4.27.4&#8243; _module_preset=&#8221;default&#8221; global_colors_info=&#8221;{}&#8221;][\/ds_image_gallery_child][ds_image_gallery_child item_image=&#8221;https:\/\/grupochelsea.pt\/wp-content\/uploads\/2025\/02\/Fotos-Gelataria0011.jpg&#8221; label=&#8221;7&#8243; _builder_version=&#8221;4.27.4&#8243; _module_preset=&#8221;default&#8221; global_colors_info=&#8221;{}&#8221;][\/ds_image_gallery_child][ds_image_gallery_child item_image=&#8221;https:\/\/grupochelsea.pt\/wp-content\/uploads\/2025\/02\/Fotos-Gelataria0013.jpg&#8221; label=&#8221;8&#8243; _builder_version=&#8221;4.27.4&#8243; _module_preset=&#8221;default&#8221; global_colors_info=&#8221;{}&#8221;][\/ds_image_gallery_child][ds_image_gallery_child item_image=&#8221;https:\/\/grupochelsea.pt\/wp-content\/uploads\/2025\/02\/Fotos-Gelataria0023.jpg&#8221; label=&#8221;9&#8243; _builder_version=&#8221;4.27.4&#8243; _module_preset=&#8221;default&#8221; global_colors_info=&#8221;{}&#8221;][\/ds_image_gallery_child][ds_image_gallery_child item_image=&#8221;https:\/\/grupochelsea.pt\/wp-content\/uploads\/2025\/02\/Fotos-Gelataria0005.png&#8221; label=&#8221;10&#8243; _builder_version=&#8221;4.27.4&#8243; _module_preset=&#8221;default&#8221; global_colors_info=&#8221;{}&#8221;][\/ds_image_gallery_child][ds_image_gallery_child item_image=&#8221;https:\/\/grupochelsea.pt\/wp-content\/uploads\/2025\/04\/20250329-XX-9408.jpg&#8221; label=&#8221;11&#8243; _builder_version=&#8221;4.27.4&#8243; _module_preset=&#8221;default&#8221; global_colors_info=&#8221;{}&#8221;][\/ds_image_gallery_child][ds_image_gallery_child item_image=&#8221;https:\/\/grupochelsea.pt\/wp-content\/uploads\/2025\/04\/20250329-9423.jpg&#8221; label=&#8221;12&#8243; _builder_version=&#8221;4.27.4&#8243; _module_preset=&#8221;default&#8221; global_colors_info=&#8221;{}&#8221;][\/ds_image_gallery_child][ds_image_gallery_child item_image=&#8221;https:\/\/grupochelsea.pt\/wp-content\/uploads\/2025\/04\/20250329-9392.jpg&#8221; label=&#8221;13&#8243; _builder_version=&#8221;4.27.4&#8243; _module_preset=&#8221;default&#8221; global_colors_info=&#8221;{}&#8221;][\/ds_image_gallery_child][\/ds_image_gallery][\/et_pb_column][\/et_pb_row][\/et_pb_section][et_pb_section fb_built=&#8221;1&#8243; _builder_version=&#8221;4.27.4&#8243; _module_preset=&#8221;default&#8221; background_image=&#8221;https:\/\/grupochelsea.pt\/wp-content\/uploads\/2025\/03\/fundo-rosa.png&#8221; background_size=&#8221;initial&#8221; background_repeat=&#8221;repeat-y&#8221; global_colors_info=&#8221;{}&#8221;][et_pb_row module_id=&#8221;horario&#8221; _builder_version=&#8221;4.27.4&#8243; _module_preset=&#8221;default&#8221; background_color=&#8221;#F7C7CF&#8221; max_width=&#8221;100%&#8221; custom_padding=&#8221;4vh||4vh||false|false&#8221; global_colors_info=&#8221;{}&#8221;][et_pb_column type=&#8221;4_4&#8243; _builder_version=&#8221;4.27.4&#8243; _module_preset=&#8221;default&#8221; global_colors_info=&#8221;{}&#8221;][et_pb_text _builder_version=&#8221;4.27.4&#8243; _module_preset=&#8221;default&#8221; text_font=&#8221;|||on|||||&#8221; text_text_color=&#8221;#9f3e3b&#8221; text_font_size=&#8221;2.5em&#8221; text_orientation=&#8221;center&#8221; global_colors_info=&#8221;{}&#8221;]<\/p>\n<p>Hor\u00e1rio:<\/p>\n<p>[\/et_pb_text][et_pb_text _builder_version=&#8221;4.27.4&#8243; _module_preset=&#8221;default&#8221; text_text_color=&#8221;#9f3e3b&#8221; text_font_size=&#8221;1.2em&#8221; text_orientation=&#8221;center&#8221; width=&#8221;30%&#8221; module_alignment=&#8221;center&#8221; global_colors_info=&#8221;{%22gcid-7e7699da-dcfd-4565-a996-9e3e86f29d6f%22:%91%22text_text_color%22%93}&#8221;]<\/p>\n<p>Todos os dias<br \/>Das 12h \u00e0s 00h<\/p>\n<p>[\/et_pb_text][\/et_pb_column][\/et_pb_row][et_pb_row column_structure=&#8221;1_3,1_3,1_3&#8243; use_custom_gutter=&#8221;on&#8221; make_equal=&#8221;on&#8221; module_id=&#8221;contactos&#8221; _builder_version=&#8221;4.27.4&#8243; _module_preset=&#8221;default&#8221; max_width=&#8221;100%&#8221; module_alignment=&#8221;center&#8221; custom_margin=&#8221;||||false|false&#8221; custom_padding=&#8221;4vh||4vh||true|false&#8221; global_colors_info=&#8221;{}&#8221;][et_pb_column type=&#8221;1_3&#8243; _builder_version=&#8221;4.27.4&#8243; _module_preset=&#8221;default&#8221; global_colors_info=&#8221;{}&#8221;][et_pb_blurb title=&#8221;geral@grupochelsea.pt&#8221; image=&#8221;https:\/\/grupochelsea.pt\/wp-content\/uploads\/2025\/02\/icone_email_gelataria.png&#8221; _builder_version=&#8221;4.27.4&#8243; _module_preset=&#8221;default&#8221; header_text_align=&#8221;center&#8221; header_text_color=&#8221;gcid-7e7699da-dcfd-4565-a996-9e3e86f29d6f&#8221; header_font_size=&#8221;1.2em&#8221; global_colors_info=&#8221;{%22gcid-7e7699da-dcfd-4565-a996-9e3e86f29d6f%22:%91%22header_text_color%22%93}&#8221;][\/et_pb_blurb][\/et_pb_column][et_pb_column type=&#8221;1_3&#8243; _builder_version=&#8221;4.27.4&#8243; _module_preset=&#8221;default&#8221; global_colors_info=&#8221;{}&#8221;][et_pb_blurb title=&#8221;+351 289 828 476&#8243; image=&#8221;https:\/\/grupochelsea.pt\/wp-content\/uploads\/2025\/02\/icone_phone_gelataria.png&#8221; _builder_version=&#8221;4.27.4&#8243; _module_preset=&#8221;default&#8221; header_text_align=&#8221;center&#8221; header_text_color=&#8221;gcid-7e7699da-dcfd-4565-a996-9e3e86f29d6f&#8221; header_font_size=&#8221;1.2em&#8221; body_text_align=&#8221;center&#8221; body_text_color=&#8221;gcid-7e7699da-dcfd-4565-a996-9e3e86f29d6f&#8221; global_colors_info=&#8221;{%22gcid-7e7699da-dcfd-4565-a996-9e3e86f29d6f%22:%91%22header_text_color%22,%22body_text_color%22%93}&#8221;]<\/p>\n<p>(chamada p\/ rede fixa nacional)<\/p>\n<p>[\/et_pb_blurb][\/et_pb_column][et_pb_column type=&#8221;1_3&#8243; _builder_version=&#8221;4.27.4&#8243; _module_preset=&#8221;default&#8221; global_colors_info=&#8221;{}&#8221;][et_pb_blurb image=&#8221;https:\/\/grupochelsea.pt\/wp-content\/uploads\/2025\/02\/icone_addr_gelataria.png&#8221; _builder_version=&#8221;4.27.4&#8243; _module_preset=&#8221;default&#8221; header_text_align=&#8221;center&#8221; header_text_color=&#8221;gcid-8287abc9-3ad3-438f-af62-1b50795c756d&#8221; header_font_size=&#8221;1em&#8221; body_text_color=&#8221;gcid-7e7699da-dcfd-4565-a996-9e3e86f29d6f&#8221; body_font_size=&#8221;1.2em&#8221; text_orientation=&#8221;center&#8221; global_colors_info=&#8221;{%22gcid-8287abc9-3ad3-438f-af62-1b50795c756d%22:%91%22header_text_color%22%93,%22gcid-7e7699da-dcfd-4565-a996-9e3e86f29d6f%22:%91%22body_text_color%22%93}&#8221;]<\/p>\n<p>Rua 1\u00ba de Dezembro, n\u00ba 11<br \/>8000-410 Faro<br \/>PORTUGAL<\/p>\n<p>[\/et_pb_blurb][\/et_pb_column][\/et_pb_row][\/et_pb_section][et_pb_section fb_built=&#8221;1&#8243; fullwidth=&#8221;on&#8221; _builder_version=&#8221;4.27.4&#8243; _module_preset=&#8221;default&#8221; filter_saturate=&#8221;0%&#8221; global_colors_info=&#8221;{}&#8221;][et_pb_fullwidth_code _builder_version=&#8221;4.27.4&#8243; _module_preset=&#8221;default&#8221; global_colors_info=&#8221;{}&#8221;]<iframe src=\"https:\/\/www.google.com\/maps\/embed?pb=!1m18!1m12!1m3!1d3185.747899320423!2d-7.9333255000000005!3d37.0158102!2m3!1f0!2f0!3f0!3m2!1i1024!2i768!4f13.1!3m3!1m2!1s0xd0553650df582d9%3A0x9943d2319a4d95ef!2sChelsea%20Gelataria!5e0!3m2!1sen!2spt!4v1744037685025!5m2!1sen!2spt\" width=\"100%\" height=\"450\" style=\"border:0;\" allowfullscreen=\"\" loading=\"lazy\" referrerpolicy=\"no-referrer-when-downgrade\"><\/iframe>[\/et_pb_fullwidth_code][\/et_pb_section]<\/p>\n","protected":false},"excerpt":{"rendered":"<p>Croissant com geladoCada gelado \u00e9 uma obra de arte e uma aventura para o paladar. Cada croissant \u00e9 um momento conforto e aconchego. Localizada na baixa de Faro, a nossa gelataria \/croissanteria \u00e9 um ref\u00fagio para os amantes de doces e da criatividade. De fabrico artesanal, n\u00e3o fazemos apenas gelados e croissants, criamos doses de [&hellip;]<\/p>\n","protected":false},"author":1,"featured_media":0,"parent":0,"menu_order":0,"comment_status":"closed","ping_status":"closed","template":"","meta":{"_et_pb_use_builder":"on","_et_pb_old_content":"","_et_gb_content_width":"","footnotes":""},"class_list":["post-344","page","type-page","status-publish","hentry"],"_links":{"self":[{"href":"https:\/\/grupochelsea.pt\/en\/wp-json\/wp\/v2\/pages\/344","targetHints":{"allow":["GET"]}}],"collection":[{"href":"https:\/\/grupochelsea.pt\/en\/wp-json\/wp\/v2\/pages"}],"about":[{"href":"https:\/\/grupochelsea.pt\/en\/wp-json\/wp\/v2\/types\/page"}],"author":[{"embeddable":true,"href":"https:\/\/grupochelsea.pt\/en\/wp-json\/wp\/v2\/users\/1"}],"replies":[{"embeddable":true,"href":"https:\/\/grupochelsea.pt\/en\/wp-json\/wp\/v2\/comments?post=344"}],"version-history":[{"count":28,"href":"https:\/\/grupochelsea.pt\/en\/wp-json\/wp\/v2\/pages\/344\/revisions"}],"predecessor-version":[{"id":997,"href":"https:\/\/grupochelsea.pt\/en\/wp-json\/wp\/v2\/pages\/344\/revisions\/997"}],"wp:attachment":[{"href":"https:\/\/grupochelsea.pt\/en\/wp-json\/wp\/v2\/media?parent=344"}],"curies":[{"name":"wp","href":"https:\/\/api.w.org\/{rel}","templated":true}]}}