{"id":328,"date":"2025-02-19T15:45:25","date_gmt":"2025-02-19T15:45:25","guid":{"rendered":"https:\/\/grupochelsea.pt\/?page_id=328"},"modified":"2025-05-28T15:25:19","modified_gmt":"2025-05-28T15:25:19","slug":"chelsea-pizza-pasta","status":"publish","type":"page","link":"https:\/\/grupochelsea.pt\/en\/chelsea-pizza-pasta\/","title":{"rendered":"Chelsea Pizza &amp; Pasta"},"content":{"rendered":"<p>[et_pb_section fb_built=&#8221;1&#8243; _builder_version=&#8221;4.27.4&#8243; _module_preset=&#8221;default&#8221; background_color=&#8221;RGBA(255,255,255,0)&#8221; background_image=&#8221;https:\/\/grupochelsea.pt\/wp-content\/uploads\/2025\/02\/chelsea_pizza_past_1.jpg&#8221; custom_margin=&#8221;0px||0px||true|false&#8221; custom_padding=&#8221;0px||0px||true|false&#8221; global_colors_info=&#8221;{}&#8221;][et_pb_row _builder_version=&#8221;4.27.4&#8243; _module_preset=&#8221;default&#8221; width=&#8221;100%&#8221; max_width=&#8221;100%&#8221; module_alignment=&#8221;center&#8221; custom_margin=&#8221;0px||0px||true|false&#8221; custom_padding=&#8221;0px||0px||true|false&#8221; global_colors_info=&#8221;{}&#8221;][et_pb_column type=&#8221;4_4&#8243; _builder_version=&#8221;4.27.4&#8243; _module_preset=&#8221;default&#8221; global_colors_info=&#8221;{}&#8221;][et_pb_slider _builder_version=&#8221;4.27.4&#8243; _module_preset=&#8221;default&#8221; header_font=&#8221;|||on|||||&#8221; header_font_size=&#8221;2.4em&#8221; background_color=&#8221;RGBA(255,255,255,0)&#8221; custom_button=&#8221;on&#8221; button_text_size=&#8221;1em&#8221; button_text_color=&#8221;#FFFFFF&#8221; button_bg_color=&#8221;#973619&#8243; button_border_width=&#8221;0px&#8221; button_border_radius=&#8221;0px&#8221; button_font=&#8221;|||on|||||&#8221; button_use_icon=&#8221;off&#8221; global_colors_info=&#8221;{}&#8221;][et_pb_slide heading=&#8221;Ciao bella&#8221; button_text=&#8221;Reservas&#8221; button_link=&#8221;https:\/\/pizzariachelsea.eatbu.com\/?lang=pt&#8221; url_new_window=&#8221;on&#8221; _builder_version=&#8221;4.27.4&#8243; _module_preset=&#8221;default&#8221; global_colors_info=&#8221;{}&#8221; sticky_transition=&#8221;on&#8221;][\/et_pb_slide][\/et_pb_slider][\/et_pb_column][\/et_pb_row][\/et_pb_section][et_pb_section fb_built=&#8221;1&#8243; _builder_version=&#8221;4.27.4&#8243; _module_preset=&#8221;default&#8221; background_image=&#8221;https:\/\/grupochelsea.pt\/wp-content\/uploads\/2025\/03\/fundo-amarelo.png&#8221; background_size=&#8221;initial&#8221; background_repeat=&#8221;repeat-y&#8221; global_colors_info=&#8221;{}&#8221;][et_pb_row column_structure=&#8221;2_5,3_5&#8243; use_custom_gutter=&#8221;on&#8221; gutter_width=&#8221;1&#8243; make_equal=&#8221;on&#8221; _builder_version=&#8221;4.27.4&#8243; _module_preset=&#8221;default&#8221; width=&#8221;60%&#8221; width_tablet=&#8221;50%&#8221; width_phone=&#8221;80%&#8221; width_last_edited=&#8221;on|phone&#8221; max_width=&#8221;100%&#8221; module_alignment=&#8221;center&#8221; global_colors_info=&#8221;{}&#8221;][et_pb_column type=&#8221;2_5&#8243; _builder_version=&#8221;4.27.4&#8243; _module_preset=&#8221;default&#8221; custom_css_main_element=&#8221;display: flex;||align-items: center;||&#8221; global_colors_info=&#8221;{}&#8221;][et_pb_image src=&#8221;https:\/\/grupochelsea.pt\/wp-content\/uploads\/2025\/02\/logo-chelsea-pizzapasta-redondo.svg&#8221; title_text=&#8221;logo chelsea pizzapasta redondo&#8221; align=&#8221;center&#8221; _builder_version=&#8221;4.27.4&#8243; _module_preset=&#8221;default&#8221; width=&#8221;50%&#8221; module_alignment=&#8221;center&#8221; custom_padding=&#8221;||1vh||false|false&#8221; global_colors_info=&#8221;{}&#8221;][\/et_pb_image][\/et_pb_column][et_pb_column type=&#8221;3_5&#8243; _builder_version=&#8221;4.27.4&#8243; _module_preset=&#8221;default&#8221; global_colors_info=&#8221;{}&#8221;][et_pb_text _builder_version=&#8221;4.27.4&#8243; _module_preset=&#8221;default&#8221; text_text_color=&#8221;#303030&#8243; text_font_size=&#8221;1.2em&#8221; width=&#8221;100%&#8221; width_tablet=&#8221;80%&#8221; width_phone=&#8221;100%&#8221; width_last_edited=&#8221;on|phone&#8221; max_width=&#8221;100%&#8221; global_colors_info=&#8221;{}&#8221;]<\/p>\n<p>Bem-vindo ao Chelsea Pizza &amp; Pasta, pizzaria e cozinha italiana localizado no cora\u00e7\u00e3o da baixa de Faro. A tradi\u00e7\u00e3o da culin\u00e1ria italiana encontra-se com a arte, a sofistica\u00e7\u00e3o e o esp\u00edrito cosmopolita, oferecendo uma experi\u00eancia gastron\u00f4mica \u00fanica e refinada.Inspirado pelo estilo de vida \u201cdolce vita\u201d e pelas obras de arte dos mais famosos artistas mundiais, criamos um ambiente art\u00edstico e acolhedor. O nosso menu oferece uma variedade de pizzas artesanais e pratos de massa preparados com ingredientes frescos e aut\u00eanticos, refletindo nossa paix\u00e3o pela gastronomia de alta qualidade. Chelsea, dove l\u2019arte incontra la cucina italiana.<\/p>\n<p>[\/et_pb_text][\/et_pb_column][\/et_pb_row][et_pb_row column_structure=&#8221;1_2,1_2&#8243; use_custom_gutter=&#8221;on&#8221; gutter_width=&#8221;1&#8243; make_equal=&#8221;on&#8221; module_id=&#8221;pizza&#8221; _builder_version=&#8221;4.27.4&#8243; _module_preset=&#8221;default&#8221; max_width=&#8221;100%&#8221; module_alignment=&#8221;center&#8221; global_colors_info=&#8221;{}&#8221;][et_pb_column type=&#8221;1_2&#8243; _builder_version=&#8221;4.27.4&#8243; _module_preset=&#8221;default&#8221; global_colors_info=&#8221;{}&#8221;][et_pb_image src=&#8221;https:\/\/grupochelsea.pt\/wp-content\/uploads\/2025\/02\/icone_pizza.png&#8221; title_text=&#8221;icone_pizza&#8221; _builder_version=&#8221;4.27.4&#8243; _module_preset=&#8221;adfea349-b8ea-4da7-a425-3c5a91c5e4f0&#8243; global_colors_info=&#8221;{}&#8221;][\/et_pb_image][et_pb_text _builder_version=&#8221;4.27.4&#8243; _module_preset=&#8221;a3e803a4-49cf-4996-82eb-cfacb6a3087a&#8221; global_colors_info=&#8221;{}&#8221;]<\/p>\n<p>Pizza &amp; Pasta<\/p>\n<p>[\/et_pb_text][et_pb_text _builder_version=&#8221;4.27.4&#8243; _module_preset=&#8221;2548b2cc-530f-4d74-aa26-878e337304a3&#8243; text_text_color=&#8221;#303030&#8243; text_font_size=&#8221;1.2em&#8221; global_colors_info=&#8221;{}&#8221;]<\/p>\n<p>O nosso menu oferece uma variedade de pizzas artesanais e pratos de massa preparados com ingredientes frescos e aut\u00eanticos, refletindo nossa paix\u00e3o pela gastronomia de alta qualidade. A alma da verdadeira pizza vive no forno a lenha.<br \/>As nossas massas s\u00e3o caseiras enfatizando aquele toque<br \/>italiano que transforma cada prato numa verdadeira experi\u00eancia de dolce vita. Buon apetito!<\/p>\n<p>[\/et_pb_text][et_pb_text _builder_version=&#8221;4.27.4&#8243; _module_preset=&#8221;f9bc1c40-4725-4174-9729-e86cb2583d96&#8243; text_text_color=&#8221;#303030&#8243; link_option_url=&#8221;https:\/\/grupochelsea.pt\/wp-content\/uploads\/2025\/04\/menus-pizzaria.pdf&#8221; global_colors_info=&#8221;{}&#8221;]<\/p>\n<p>\/ Ementa<\/p>\n<p>[\/et_pb_text][et_pb_button button_url=&#8221;https:\/\/pizzariachelsea.eatbu.com\/?lang=pt&#8221; url_new_window=&#8221;on&#8221; button_text=&#8221;Reserva&#8221; _builder_version=&#8221;4.27.4&#8243; _module_preset=&#8221;84d33b3e-0817-485f-88cd-d3a0cc67771f&#8221; custom_margin_tablet=&#8221;||2vh||false|false&#8221; global_colors_info=&#8221;{}&#8221;][\/et_pb_button][\/et_pb_column][et_pb_column type=&#8221;1_2&#8243; _builder_version=&#8221;4.27.4&#8243; _module_preset=&#8221;default&#8221; global_colors_info=&#8221;{}&#8221;][et_pb_image src=&#8221;https:\/\/grupochelsea.pt\/wp-content\/uploads\/2025\/02\/chelsea_pizza_past_1.png&#8221; title_text=&#8221;chelsea_pizza_past_1&#8243; _builder_version=&#8221;4.27.4&#8243; _module_preset=&#8221;default&#8221; module_alignment=&#8221;center&#8221; global_colors_info=&#8221;{}&#8221;][\/et_pb_image][\/et_pb_column][\/et_pb_row][et_pb_row column_structure=&#8221;1_2,1_2&#8243; use_custom_gutter=&#8221;on&#8221; gutter_width=&#8221;1&#8243; make_equal=&#8221;on&#8221; module_id=&#8221;carne&#8221; _builder_version=&#8221;4.27.4&#8243; _module_preset=&#8221;default&#8221; max_width=&#8221;100%&#8221; module_alignment=&#8221;center&#8221; global_colors_info=&#8221;{}&#8221;][et_pb_column type=&#8221;1_2&#8243; _builder_version=&#8221;4.27.4&#8243; _module_preset=&#8221;default&#8221; global_colors_info=&#8221;{}&#8221;][et_pb_image src=&#8221;https:\/\/grupochelsea.pt\/wp-content\/uploads\/2025\/02\/carnes.png&#8221; title_text=&#8221;carnes&#8221; _builder_version=&#8221;4.27.4&#8243; _module_preset=&#8221;default&#8221; module_alignment=&#8221;center&#8221; global_colors_info=&#8221;{}&#8221;][\/et_pb_image][\/et_pb_column][et_pb_column type=&#8221;1_2&#8243; _builder_version=&#8221;4.27.4&#8243; _module_preset=&#8221;default&#8221; global_colors_info=&#8221;{}&#8221;][et_pb_image src=&#8221;https:\/\/grupochelsea.pt\/wp-content\/uploads\/2025\/02\/icone_pizza.png&#8221; title_text=&#8221;icone_pizza&#8221; _builder_version=&#8221;4.27.4&#8243; _module_preset=&#8221;adfea349-b8ea-4da7-a425-3c5a91c5e4f0&#8243; global_colors_info=&#8221;{}&#8221;][\/et_pb_image][et_pb_text _builder_version=&#8221;4.27.4&#8243; _module_preset=&#8221;a3e803a4-49cf-4996-82eb-cfacb6a3087a&#8221; global_colors_info=&#8221;{}&#8221;]<\/p>\n<p>Carnes e Outros<\/p>\n<p>[\/et_pb_text][et_pb_text _builder_version=&#8221;4.27.4&#8243; _module_preset=&#8221;2548b2cc-530f-4d74-aa26-878e337304a3&#8243; text_text_color=&#8221;#303030&#8243; text_font_size=&#8221;1.2em&#8221; global_colors_info=&#8221;{}&#8221;]<\/p>\n<p>Na cozinha, o chef transforma ingredientes simples em verdadeiras obras de arte. Entre aromas irresist\u00edveis e sabores \u00fanicos, cada prato reflete a paix\u00e3o pela cozinha italiana. Experimente o novilho grelhado no ponto perfeito, acompanhado de batatas novas e manteiga de ervas, ou um risotto de cogumelos delicadamente envolvido em parmes\u00e3o. Cada detalhe \u00e9 pensado para surpreender e encantar o paladar. Ficou com vontade de provar?<\/p>\n<p>[\/et_pb_text][et_pb_text _builder_version=&#8221;4.27.4&#8243; _module_preset=&#8221;f9bc1c40-4725-4174-9729-e86cb2583d96&#8243; text_text_color=&#8221;#303030&#8243; link_option_url=&#8221;https:\/\/grupochelsea.pt\/wp-content\/uploads\/2025\/04\/menus-pizzaria.pdf&#8221; global_colors_info=&#8221;{}&#8221;]<\/p>\n<p>\/ ementa<\/p>\n<p>[\/et_pb_text][et_pb_button button_url=&#8221;https:\/\/pizzariachelsea.eatbu.com\/?lang=pt&#8221; url_new_window=&#8221;on&#8221; button_text=&#8221;Reservar&#8221; _builder_version=&#8221;4.27.4&#8243; _module_preset=&#8221;84d33b3e-0817-485f-88cd-d3a0cc67771f&#8221; global_colors_info=&#8221;{}&#8221;][\/et_pb_button][\/et_pb_column][\/et_pb_row][et_pb_row column_structure=&#8221;1_2,1_2&#8243; use_custom_gutter=&#8221;on&#8221; gutter_width=&#8221;1&#8243; make_equal=&#8221;on&#8221; module_id=&#8221;espaco&#8221; _builder_version=&#8221;4.27.4&#8243; _module_preset=&#8221;default&#8221; max_width=&#8221;100%&#8221; module_alignment=&#8221;center&#8221; global_colors_info=&#8221;{}&#8221;][et_pb_column type=&#8221;1_2&#8243; _builder_version=&#8221;4.27.4&#8243; _module_preset=&#8221;default&#8221; global_colors_info=&#8221;{}&#8221;][et_pb_image src=&#8221;https:\/\/grupochelsea.pt\/wp-content\/uploads\/2025\/02\/icone_pizza.png&#8221; title_text=&#8221;icone_pizza&#8221; _builder_version=&#8221;4.27.4&#8243; _module_preset=&#8221;adfea349-b8ea-4da7-a425-3c5a91c5e4f0&#8243; global_colors_info=&#8221;{}&#8221;][\/et_pb_image][et_pb_text _builder_version=&#8221;4.27.4&#8243; _module_preset=&#8221;a3e803a4-49cf-4996-82eb-cfacb6a3087a&#8221; global_colors_info=&#8221;{}&#8221;]<\/p>\n<p>O Espa\u00e7o<\/p>\n<p>[\/et_pb_text][et_pb_text _builder_version=&#8221;4.27.4&#8243; _module_preset=&#8221;2548b2cc-530f-4d74-aa26-878e337304a3&#8243; text_text_color=&#8221;#303030&#8243; text_font_size=&#8221;1.2em&#8221; global_colors_info=&#8221;{}&#8221;]<\/p>\n<p>Sob uma luz suave, os aromas da cozinha italiana preenchem o espa\u00e7o. O vinho, o perfume fresco do manjeric\u00e3o e o calor acolhedor do forno a lenha transformam cada momento num encontro perfeito entre sabor e boa companhia. Se preferir uma refei\u00e7\u00e3o ao ar livre, aproveite a nossa esplanada, localizada na movida da baixa de Faro. Buon apetito!<\/p>\n<p>[\/et_pb_text][et_pb_button button_url=&#8221;https:\/\/pizzariachelsea.eatbu.com\/?lang=pt&#8221; url_new_window=&#8221;on&#8221; button_text=&#8221;Reservar&#8221; _builder_version=&#8221;4.27.4&#8243; _module_preset=&#8221;84d33b3e-0817-485f-88cd-d3a0cc67771f&#8221; global_colors_info=&#8221;{}&#8221;][\/et_pb_button][\/et_pb_column][et_pb_column type=&#8221;1_2&#8243; _builder_version=&#8221;4.27.4&#8243; _module_preset=&#8221;default&#8221; global_colors_info=&#8221;{}&#8221;][et_pb_image src=&#8221;https:\/\/grupochelsea.pt\/wp-content\/uploads\/2025\/02\/espaco_pizza.png&#8221; title_text=&#8221;espaco_pizza&#8221; _builder_version=&#8221;4.27.4&#8243; _module_preset=&#8221;default&#8221; module_alignment=&#8221;center&#8221; global_colors_info=&#8221;{}&#8221;][\/et_pb_image][\/et_pb_column][\/et_pb_row][et_pb_row column_structure=&#8221;1_2,1_2&#8243; use_custom_gutter=&#8221;on&#8221; gutter_width=&#8221;1&#8243; make_equal=&#8221;on&#8221; module_id=&#8221;servico&#8221; _builder_version=&#8221;4.27.4&#8243; _module_preset=&#8221;default&#8221; max_width=&#8221;100%&#8221; module_alignment=&#8221;center&#8221; global_colors_info=&#8221;{}&#8221;][et_pb_column type=&#8221;1_2&#8243; _builder_version=&#8221;4.27.4&#8243; _module_preset=&#8221;default&#8221; global_colors_info=&#8221;{}&#8221;][et_pb_image src=&#8221;https:\/\/grupochelsea.pt\/wp-content\/uploads\/2025\/02\/servico.png&#8221; title_text=&#8221;servico&#8221; _builder_version=&#8221;4.27.4&#8243; _module_preset=&#8221;default&#8221; module_alignment=&#8221;center&#8221; global_colors_info=&#8221;{}&#8221;][\/et_pb_image][\/et_pb_column][et_pb_column type=&#8221;1_2&#8243; _builder_version=&#8221;4.27.4&#8243; _module_preset=&#8221;default&#8221; global_colors_info=&#8221;{}&#8221;][et_pb_image src=&#8221;https:\/\/grupochelsea.pt\/wp-content\/uploads\/2025\/02\/icone_pizza.png&#8221; title_text=&#8221;icone_pizza&#8221; _builder_version=&#8221;4.27.4&#8243; _module_preset=&#8221;adfea349-b8ea-4da7-a425-3c5a91c5e4f0&#8243; global_colors_info=&#8221;{}&#8221;][\/et_pb_image][et_pb_text _builder_version=&#8221;4.27.4&#8243; _module_preset=&#8221;a3e803a4-49cf-4996-82eb-cfacb6a3087a&#8221; global_colors_info=&#8221;{}&#8221;]<\/p>\n<p>O Servi\u00e7o<\/p>\n<p>[\/et_pb_text][et_pb_text _builder_version=&#8221;4.27.4&#8243; _module_preset=&#8221;2548b2cc-530f-4d74-aa26-878e337304a3&#8243; text_text_color=&#8221;#303030&#8243; text_font_size=&#8221;1.2em&#8221; global_colors_info=&#8221;{}&#8221;]O nosso cozinheiro e staff acreditam que \u201cSenza passione, \u00e8 tutto inutile\u201d.  A dedica\u00e7\u00e3o e o amor pelo que fazemos refletem-se n\u00e3o s\u00f3 no sabor, mas tamb\u00e9m nos detalhes, seja na apresenta\u00e7\u00e3o do prato, no ambiente acolhedor ou na aten\u00e7\u00e3o genu\u00edna com os nossos clientes. Aqui, a paix\u00e3o \u00e9 o principal ingrediente, e \u00e9 ela que torna cada refei\u00e7\u00e3o \u00fanica e inesquec\u00edvel.[\/et_pb_text][et_pb_button button_url=&#8221;https:\/\/pizzariachelsea.eatbu.com\/?lang=pt&#8221; url_new_window=&#8221;on&#8221; button_text=&#8221;Reservar&#8221; _builder_version=&#8221;4.27.4&#8243; _module_preset=&#8221;84d33b3e-0817-485f-88cd-d3a0cc67771f&#8221; global_colors_info=&#8221;{}&#8221;][\/et_pb_button][\/et_pb_column][\/et_pb_row][\/et_pb_section][et_pb_section fb_built=&#8221;1&#8243; _builder_version=&#8221;4.27.4&#8243; _module_preset=&#8221;default&#8221; background_color=&#8221;#973619&#8243; global_colors_info=&#8221;{}&#8221;][et_pb_row module_id=&#8221;galeria&#8221; _builder_version=&#8221;4.27.4&#8243; _module_preset=&#8221;default&#8221; global_colors_info=&#8221;{}&#8221;][et_pb_column type=&#8221;4_4&#8243; _builder_version=&#8221;4.27.4&#8243; _module_preset=&#8221;default&#8221; global_colors_info=&#8221;{}&#8221;][et_pb_text _builder_version=&#8221;4.27.4&#8243; _module_preset=&#8221;default&#8221; text_font=&#8221;|||on|||||&#8221; text_text_color=&#8221;#FFFFFF&#8221; text_font_size=&#8221;2.5em&#8221; text_orientation=&#8221;center&#8221; custom_padding=&#8221;0vh||4vh||false|false&#8221; global_colors_info=&#8221;{}&#8221;]<\/p>\n<p>Galeria<\/p>\n<p>[\/et_pb_text][ds_image_gallery thumb_height=&#8221;200px&#8221; thumbs_navigation=&#8221;on&#8221; thumbs_navigation_on_hover=&#8221;on&#8221; thumbs_navigation_prev_icon_yn=&#8221;on&#8221; thumbs_navigation_prev_icon=&#8221;&#x44;||divi||400&#8243; thumbs_navigation_next_icon_yn=&#8221;on&#8221; thumbs_navigation_next_icon=&#8221;&#x45;||divi||400&#8243; thumbs_navigation_size=&#8221;50&#8243; thumbs_navigation_padding=&#8221;1&#8243; thumbs_navigation_color=&#8221;#FFFFFF&#8221; thumbs_navigation_position_horizontal=&#8221;-50px&#8221; main_autoplay=&#8221;on&#8221; _builder_version=&#8221;4.27.4&#8243; _module_preset=&#8221;default&#8221; height=&#8221;700px&#8221; global_colors_info=&#8221;{}&#8221;][ds_image_gallery_child item_image=&#8221;https:\/\/grupochelsea.pt\/wp-content\/uploads\/2025\/02\/Fotos-Pizzaria0012.jpg&#8221; label=&#8221;1&#8243; _builder_version=&#8221;4.27.4&#8243; _module_preset=&#8221;default&#8221; global_colors_info=&#8221;{}&#8221;][\/ds_image_gallery_child][ds_image_gallery_child item_image=&#8221;https:\/\/grupochelsea.pt\/wp-content\/uploads\/2025\/02\/Fotos-Pizzaria0016.jpg&#8221; label=&#8221;2&#8243; _builder_version=&#8221;4.27.4&#8243; _module_preset=&#8221;default&#8221; global_colors_info=&#8221;{}&#8221;][\/ds_image_gallery_child][ds_image_gallery_child item_image=&#8221;https:\/\/grupochelsea.pt\/wp-content\/uploads\/2025\/02\/Fotos-Pizzaria0014.jpg&#8221; label=&#8221;3&#8243; _builder_version=&#8221;4.27.4&#8243; _module_preset=&#8221;default&#8221; global_colors_info=&#8221;{}&#8221;][\/ds_image_gallery_child][ds_image_gallery_child item_image=&#8221;https:\/\/grupochelsea.pt\/wp-content\/uploads\/2025\/02\/Fotos-Pizzaria0017.jpg&#8221; label=&#8221;4&#8243; _builder_version=&#8221;4.27.4&#8243; _module_preset=&#8221;default&#8221; global_colors_info=&#8221;{}&#8221;][\/ds_image_gallery_child][ds_image_gallery_child item_image=&#8221;https:\/\/grupochelsea.pt\/wp-content\/uploads\/2025\/02\/Fotos-Pizzaria0018.jpg&#8221; label=&#8221;6&#8243; _builder_version=&#8221;4.27.4&#8243; _module_preset=&#8221;default&#8221; global_colors_info=&#8221;{}&#8221;][\/ds_image_gallery_child][ds_image_gallery_child item_image=&#8221;https:\/\/grupochelsea.pt\/wp-content\/uploads\/2025\/02\/Fotos-Pizzaria0003.jpg&#8221; label=&#8221;7&#8243; _builder_version=&#8221;4.27.4&#8243; _module_preset=&#8221;default&#8221; global_colors_info=&#8221;{}&#8221;][\/ds_image_gallery_child][\/ds_image_gallery][\/et_pb_column][\/et_pb_row][\/et_pb_section][et_pb_section fb_built=&#8221;1&#8243; _builder_version=&#8221;4.27.4&#8243; _module_preset=&#8221;default&#8221; background_image=&#8221;https:\/\/grupochelsea.pt\/wp-content\/uploads\/2025\/03\/fundo-amarelo.png&#8221; background_size=&#8221;initial&#8221; background_repeat=&#8221;repeat-y&#8221; global_colors_info=&#8221;{}&#8221;][et_pb_row module_id=&#8221;horario&#8221; _builder_version=&#8221;4.27.4&#8243; _module_preset=&#8221;default&#8221; background_color=&#8221;#973619&#8243; max_width=&#8221;100%&#8221; custom_padding=&#8221;4vh||4vh||false|false&#8221; global_colors_info=&#8221;{}&#8221;][et_pb_column type=&#8221;4_4&#8243; _builder_version=&#8221;4.27.4&#8243; _module_preset=&#8221;default&#8221; global_colors_info=&#8221;{}&#8221;][et_pb_text _builder_version=&#8221;4.27.4&#8243; _module_preset=&#8221;default&#8221; text_font=&#8221;|||on|||||&#8221; text_text_color=&#8221;#f6dcc7&#8243; text_font_size=&#8221;2.5em&#8221; text_orientation=&#8221;center&#8221; global_colors_info=&#8221;{}&#8221;]<\/p>\n<p>Hor\u00e1rio:<\/p>\n<p>[\/et_pb_text][et_pb_text _builder_version=&#8221;4.27.4&#8243; _module_preset=&#8221;default&#8221; text_text_color=&#8221;#F6DCC7&#8243; text_font_size=&#8221;1.2em&#8221; text_orientation=&#8221;center&#8221; width=&#8221;30%&#8221; module_alignment=&#8221;center&#8221; global_colors_info=&#8221;{}&#8221;]<\/p>\n<p>De domingo a s\u00e1bado<br \/>das 12h00 \u00e0s 00h00.<br \/>(a cozinha encerra \u00e0s 23h00)<\/p>\n<p>[\/et_pb_text][et_pb_button button_url=&#8221;https:\/\/pizzariachelsea.eatbu.com\/?lang=pt&#8221; url_new_window=&#8221;on&#8221; button_text=&#8221;Reservas&#8221; _builder_version=&#8221;4.27.4&#8243; _module_preset=&#8221;fb2ef520-240f-46fb-9b08-0b85aac55f45&#8243; button_bg_color=&#8221;#F6DCC7&#8243; global_colors_info=&#8221;{}&#8221;][\/et_pb_button][\/et_pb_column][\/et_pb_row][et_pb_row column_structure=&#8221;1_3,1_3,1_3&#8243; use_custom_gutter=&#8221;on&#8221; make_equal=&#8221;on&#8221; module_id=&#8221;contactos&#8221; _builder_version=&#8221;4.27.4&#8243; _module_preset=&#8221;default&#8221; max_width=&#8221;100%&#8221; module_alignment=&#8221;center&#8221; custom_margin=&#8221;||||false|false&#8221; custom_padding=&#8221;4vh||4vh||true|false&#8221; global_colors_info=&#8221;{}&#8221;][et_pb_column type=&#8221;1_3&#8243; _builder_version=&#8221;4.27.4&#8243; _module_preset=&#8221;default&#8221; global_colors_info=&#8221;{}&#8221;][et_pb_blurb title=&#8221;geral@grupochelsea.pt&#8221; image=&#8221;https:\/\/grupochelsea.pt\/wp-content\/uploads\/2025\/02\/icone_addre_pizza.png&#8221; _builder_version=&#8221;4.27.4&#8243; _module_preset=&#8221;default&#8221; header_text_align=&#8221;center&#8221; header_text_color=&#8221;gcid-7e7699da-dcfd-4565-a996-9e3e86f29d6f&#8221; header_font_size=&#8221;1.2em&#8221; global_colors_info=&#8221;{%22gcid-7e7699da-dcfd-4565-a996-9e3e86f29d6f%22:%91%22header_text_color%22%93}&#8221;][\/et_pb_blurb][\/et_pb_column][et_pb_column type=&#8221;1_3&#8243; _builder_version=&#8221;4.27.4&#8243; _module_preset=&#8221;default&#8221; global_colors_info=&#8221;{}&#8221;][et_pb_blurb title=&#8221;+351 289 825 476&#8243; image=&#8221;https:\/\/grupochelsea.pt\/wp-content\/uploads\/2025\/02\/icone_phone_pizza.png&#8221; _builder_version=&#8221;4.27.4&#8243; _module_preset=&#8221;default&#8221; header_text_align=&#8221;center&#8221; header_text_color=&#8221;gcid-7e7699da-dcfd-4565-a996-9e3e86f29d6f&#8221; header_font_size=&#8221;1.2em&#8221; body_text_align=&#8221;center&#8221; body_text_color=&#8221;#303030&#8243; global_colors_info=&#8221;{%22gcid-7e7699da-dcfd-4565-a996-9e3e86f29d6f%22:%91%22header_text_color%22%93}&#8221;]<\/p>\n<p>(chamada p\/ rede fixa nacional)<\/p>\n<p>[\/et_pb_blurb][\/et_pb_column][et_pb_column type=&#8221;1_3&#8243; _builder_version=&#8221;4.27.4&#8243; _module_preset=&#8221;default&#8221; global_colors_info=&#8221;{}&#8221;][et_pb_blurb image=&#8221;https:\/\/grupochelsea.pt\/wp-content\/uploads\/2025\/02\/icone_addre_pizza.png&#8221; _builder_version=&#8221;4.27.4&#8243; _module_preset=&#8221;default&#8221; header_text_align=&#8221;center&#8221; header_text_color=&#8221;gcid-8287abc9-3ad3-438f-af62-1b50795c756d&#8221; header_font_size=&#8221;1em&#8221; body_text_color=&#8221;gcid-7e7699da-dcfd-4565-a996-9e3e86f29d6f&#8221; body_font_size=&#8221;1.2em&#8221; text_orientation=&#8221;center&#8221; global_colors_info=&#8221;{%22gcid-8287abc9-3ad3-438f-af62-1b50795c756d%22:%91%22header_text_color%22%93,%22gcid-7e7699da-dcfd-4565-a996-9e3e86f29d6f%22:%91%22body_text_color%22%93}&#8221;]<\/p>\n<p>Rua 1\u00ba de Dezembro, n\u00ba 9<br \/>8000-410 Faro<br \/>PORTUGAL<\/p>\n<p>[\/et_pb_blurb][\/et_pb_column][\/et_pb_row][\/et_pb_section][et_pb_section fb_built=&#8221;1&#8243; fullwidth=&#8221;on&#8221; _builder_version=&#8221;4.27.4&#8243; _module_preset=&#8221;default&#8221; filter_saturate=&#8221;0%&#8221; global_colors_info=&#8221;{}&#8221;][et_pb_fullwidth_code _builder_version=&#8221;4.27.4&#8243; _module_preset=&#8221;default&#8221; global_colors_info=&#8221;{}&#8221;]<iframe src=\"https:\/\/www.google.com\/maps\/embed?pb=!1m18!1m12!1m3!1d3637.8933696958115!2d-7.93607292384145!3d37.01577755551739!2m3!1f0!2f0!3f0!3m2!1i1024!2i768!4f13.1!3m3!1m2!1s0xd0553a0a2cb9281%3A0x84a3c4be59d58682!2sM%C3%A3e%20Violante!5e1!3m2!1spt-PT!2spt!4v1740070504934!5m2!1spt-PT!2spt\" width=\"1920\" height=\"450\" style=\"border:0;\" allowfullscreen=\"\" loading=\"lazy\" referrerpolicy=\"no-referrer-when-downgrade\"><\/iframe>[\/et_pb_fullwidth_code][\/et_pb_section]<\/p>\n","protected":false},"excerpt":{"rendered":"<p>Bem-vindo ao Chelsea Pizza &amp; Pasta, pizzaria e cozinha italiana localizado no cora\u00e7\u00e3o da baixa de Faro. A tradi\u00e7\u00e3o da culin\u00e1ria italiana encontra-se com a arte, a sofistica\u00e7\u00e3o e o esp\u00edrito cosmopolita, oferecendo uma experi\u00eancia gastron\u00f4mica \u00fanica e refinada.Inspirado pelo estilo de vida \u201cdolce vita\u201d e pelas obras de arte dos mais famosos artistas mundiais, [&hellip;]<\/p>\n","protected":false},"author":1,"featured_media":0,"parent":0,"menu_order":0,"comment_status":"closed","ping_status":"closed","template":"","meta":{"_et_pb_use_builder":"on","_et_pb_old_content":"","_et_gb_content_width":"","footnotes":""},"class_list":["post-328","page","type-page","status-publish","hentry"],"_links":{"self":[{"href":"https:\/\/grupochelsea.pt\/en\/wp-json\/wp\/v2\/pages\/328","targetHints":{"allow":["GET"]}}],"collection":[{"href":"https:\/\/grupochelsea.pt\/en\/wp-json\/wp\/v2\/pages"}],"about":[{"href":"https:\/\/grupochelsea.pt\/en\/wp-json\/wp\/v2\/types\/page"}],"author":[{"embeddable":true,"href":"https:\/\/grupochelsea.pt\/en\/wp-json\/wp\/v2\/users\/1"}],"replies":[{"embeddable":true,"href":"https:\/\/grupochelsea.pt\/en\/wp-json\/wp\/v2\/comments?post=328"}],"version-history":[{"count":28,"href":"https:\/\/grupochelsea.pt\/en\/wp-json\/wp\/v2\/pages\/328\/revisions"}],"predecessor-version":[{"id":1011,"href":"https:\/\/grupochelsea.pt\/en\/wp-json\/wp\/v2\/pages\/328\/revisions\/1011"}],"wp:attachment":[{"href":"https:\/\/grupochelsea.pt\/en\/wp-json\/wp\/v2\/media?parent=328"}],"curies":[{"name":"wp","href":"https:\/\/api.w.org\/{rel}","templated":true}]}}