{"id":317,"date":"2025-02-19T15:26:01","date_gmt":"2025-02-19T15:26:01","guid":{"rendered":"https:\/\/grupochelsea.pt\/?page_id=317"},"modified":"2025-05-28T15:22:43","modified_gmt":"2025-05-28T15:22:43","slug":"chelsea-brunch-drunch","status":"publish","type":"page","link":"https:\/\/grupochelsea.pt\/en\/chelsea-brunch-drunch\/","title":{"rendered":"Chelsea Brunch &amp; Drunch"},"content":{"rendered":"<p>[et_pb_section fb_built=&#8221;1&#8243; _builder_version=&#8221;4.27.4&#8243; _module_preset=&#8221;default&#8221; background_color=&#8221;RGBA(255,255,255,0)&#8221; background_image=&#8221;https:\/\/grupochelsea.pt\/wp-content\/uploads\/2025\/02\/banner_brunch_drunch.jpg&#8221; custom_margin=&#8221;0px||0px||true|false&#8221; custom_padding=&#8221;0px||0px||true|false&#8221; global_colors_info=&#8221;{}&#8221;][et_pb_row _builder_version=&#8221;4.27.4&#8243; _module_preset=&#8221;default&#8221; width=&#8221;100%&#8221; max_width=&#8221;100%&#8221; module_alignment=&#8221;center&#8221; custom_margin=&#8221;0px||0px||true|false&#8221; custom_padding=&#8221;0px||0px||true|false&#8221; global_colors_info=&#8221;{}&#8221;][et_pb_column type=&#8221;4_4&#8243; _builder_version=&#8221;4.27.4&#8243; _module_preset=&#8221;default&#8221; global_colors_info=&#8221;{}&#8221;][et_pb_slider _builder_version=&#8221;4.27.4&#8243; _module_preset=&#8221;default&#8221; header_font=&#8221;|||on|||||&#8221; header_font_size=&#8221;2em&#8221; background_color=&#8221;RGBA(255,255,255,0)&#8221; custom_button=&#8221;on&#8221; button_text_size=&#8221;1em&#8221; button_text_color=&#8221;#0D2148&#8243; button_bg_color=&#8221;#F7C7CF&#8221; button_border_width=&#8221;0px&#8221; button_border_radius=&#8221;0px&#8221; button_font=&#8221;|||on|||||&#8221; button_use_icon=&#8221;off&#8221; global_colors_info=&#8221;{}&#8221;][et_pb_slide heading=&#8221;GO WILD, For a WHile&#8221; _builder_version=&#8221;4.27.4&#8243; _module_preset=&#8221;default&#8221; header_font_size=&#8221;2.4em&#8221; global_colors_info=&#8221;{}&#8221; sticky_transition=&#8221;on&#8221;][\/et_pb_slide][\/et_pb_slider][\/et_pb_column][\/et_pb_row][\/et_pb_section][et_pb_section fb_built=&#8221;1&#8243; _builder_version=&#8221;4.27.4&#8243; _module_preset=&#8221;default&#8221; background_color=&#8221;RGBA(255,255,255,0)&#8221; background_image=&#8221;https:\/\/grupochelsea.pt\/wp-content\/uploads\/2025\/03\/fundo-rosa.png&#8221; background_size=&#8221;initial&#8221; background_repeat=&#8221;repeat&#8221; global_colors_info=&#8221;{}&#8221;][et_pb_row column_structure=&#8221;1_3,2_3&#8243; module_id=&#8221;conceito&#8221; _builder_version=&#8221;4.27.4&#8243; _module_preset=&#8221;default&#8221; width=&#8221;50%&#8221; width_tablet=&#8221;50%&#8221; width_phone=&#8221;80%&#8221; width_last_edited=&#8221;on|phone&#8221; max_width=&#8221;100%&#8221; module_alignment=&#8221;center&#8221; global_colors_info=&#8221;{}&#8221;][et_pb_column type=&#8221;1_3&#8243; _builder_version=&#8221;4.27.4&#8243; _module_preset=&#8221;default&#8221; custom_css_main_element=&#8221;display: flex;||align-items: center;&#8221; global_colors_info=&#8221;{}&#8221;][et_pb_image src=&#8221;https:\/\/grupochelsea.pt\/wp-content\/uploads\/2025\/02\/logo-chelsea-brunch-redondo.svg&#8221; title_text=&#8221;logo chelsea brunch redondo&#8221; align=&#8221;center&#8221; _builder_version=&#8221;4.27.4&#8243; _module_preset=&#8221;default&#8221; width=&#8221;75%&#8221; module_alignment=&#8221;center&#8221; custom_padding=&#8221;||1vh||false|false&#8221; global_colors_info=&#8221;{}&#8221;][\/et_pb_image][\/et_pb_column][et_pb_column type=&#8221;2_3&#8243; _builder_version=&#8221;4.27.4&#8243; _module_preset=&#8221;default&#8221; global_colors_info=&#8221;{}&#8221;][et_pb_text _builder_version=&#8221;4.27.4&#8243; _module_preset=&#8221;default&#8221; text_text_color=&#8221;#0D2148&#8243; text_font_size=&#8221;1.2em&#8221; width=&#8221;100%&#8221; width_tablet=&#8221;80%&#8221; width_phone=&#8221;100%&#8221; width_last_edited=&#8221;on|phone&#8221; max_width=&#8221;100%&#8221; module_alignment=&#8221;center&#8221; global_colors_info=&#8221;{}&#8221;]<\/p>\n<p>O Chelsea brunch &amp; drunch, na baixa de Faro, oferece uma fus\u00e3o de sabores, combinando o melhor do pequeno-almo\u00e7o tardio com cocktails e petiscos sofisticados. Entre pratos leves e op\u00e7\u00f5es mais indulgentes, h\u00e1 sempre algo para todos os gostos. O ambiente descontra\u00eddo torna-se perfeito para encontros entre amigos ou momentos relaxantes a dois.<\/p>\n<p>[\/et_pb_text][\/et_pb_column][\/et_pb_row][et_pb_row use_custom_gutter=&#8221;on&#8221; gutter_width=&#8221;1&#8243; make_equal=&#8221;on&#8221; _builder_version=&#8221;4.27.4&#8243; _module_preset=&#8221;default&#8221; max_width=&#8221;100%&#8221; module_alignment=&#8221;center&#8221; global_colors_info=&#8221;{}&#8221;][et_pb_column type=&#8221;4_4&#8243; _builder_version=&#8221;4.27.4&#8243; _module_preset=&#8221;default&#8221; global_colors_info=&#8221;{}&#8221;][et_pb_image src=&#8221;https:\/\/grupochelsea.pt\/wp-content\/uploads\/2025\/02\/chelsea_image_1.png&#8221; title_text=&#8221;chelsea_image_1&#8243; _builder_version=&#8221;4.27.4&#8243; _module_preset=&#8221;default&#8221; module_alignment=&#8221;center&#8221; global_colors_info=&#8221;{}&#8221;][\/et_pb_image][\/et_pb_column][\/et_pb_row][et_pb_row use_custom_gutter=&#8221;on&#8221; gutter_width=&#8221;1&#8243; make_equal=&#8221;on&#8221; _builder_version=&#8221;4.27.4&#8243; _module_preset=&#8221;default&#8221; max_width=&#8221;100%&#8221; module_alignment=&#8221;center&#8221; global_colors_info=&#8221;{}&#8221;][et_pb_column type=&#8221;4_4&#8243; _builder_version=&#8221;4.27.4&#8243; _module_preset=&#8221;default&#8221; global_colors_info=&#8221;{}&#8221;][et_pb_image src=&#8221;https:\/\/grupochelsea.pt\/wp-content\/uploads\/2025\/02\/chelsea_image_2.png&#8221; title_text=&#8221;chelsea_image_2&#8243; _builder_version=&#8221;4.27.4&#8243; _module_preset=&#8221;default&#8221; module_alignment=&#8221;center&#8221; global_colors_info=&#8221;{}&#8221;][\/et_pb_image][\/et_pb_column][\/et_pb_row][et_pb_row use_custom_gutter=&#8221;on&#8221; gutter_width=&#8221;1&#8243; make_equal=&#8221;on&#8221; module_id=&#8221;tentacoes&#8221; _builder_version=&#8221;4.27.4&#8243; _module_preset=&#8221;default&#8221; max_width=&#8221;100%&#8221; module_alignment=&#8221;center&#8221; global_colors_info=&#8221;{}&#8221;][et_pb_column type=&#8221;4_4&#8243; _builder_version=&#8221;4.27.4&#8243; _module_preset=&#8221;default&#8221; global_colors_info=&#8221;{}&#8221;][et_pb_image src=&#8221;https:\/\/grupochelsea.pt\/wp-content\/uploads\/2025\/02\/Elipse-6.png&#8221; title_text=&#8221;Elipse 6&#8243; align=&#8221;center&#8221; _builder_version=&#8221;4.27.4&#8243; _module_preset=&#8221;default&#8221; global_colors_info=&#8221;{}&#8221;][\/et_pb_image][et_pb_text _builder_version=&#8221;4.27.4&#8243; _module_preset=&#8221;default&#8221; text_font=&#8221;|||on|||||&#8221; text_text_color=&#8221;#0D2148&#8243; text_font_size=&#8221;2.5em&#8221; text_line_height=&#8221;1.2em&#8221; text_orientation=&#8221;center&#8221; custom_padding=&#8221;2vh||2vh||false|false&#8221; global_colors_info=&#8221;{}&#8221;]<\/p>\n<p>As Nossas Tenta\u00e7\u00f5es<\/p>\n<p>[\/et_pb_text][et_pb_text _builder_version=&#8221;4.27.4&#8243; _module_preset=&#8221;default&#8221; text_text_color=&#8221;#0D2148&#8243; text_font_size=&#8221;1.2em&#8221; text_orientation=&#8221;center&#8221; width=&#8221;80%&#8221; max_width=&#8221;100%&#8221; module_alignment=&#8221;center&#8221; global_colors_info=&#8221;{}&#8221;]<\/p>\n<p>O brunch e o drunch s\u00e3o uma celebra\u00e7\u00e3o de sabores e texturas que agradam a todos os sentidos, a qualquer hora do dia. As panquecas macias, regadas com xarope e acompanhadas por frutas frescas, dividem espa\u00e7o com tostas crocantes cobertas com abacate ou com tapas salgadas que convidam a jantares de partilha. Para completar a experi\u00eancia, um cappuccino quente e aveludado harmoniza perfeitamente com a frescura de sumos naturais, ou uma sangria fresca e cocktails ex\u00f3ticos que convidam a prolongar a noite. O equil\u00edbrio entre doce e salgado \u00e9 um convite a uma refei\u00e7\u00e3o relaxada e memor\u00e1vel. Seja com amigos ou sozinho, o brunch &amp; drunch s\u00e3o momentos de puro prazer.<\/p>\n<p>[\/et_pb_text][et_pb_text _builder_version=&#8221;4.27.4&#8243; _module_preset=&#8221;f79e8c75-f881-419b-a466-61ab8dbc653b&#8221; global_colors_info=&#8221;{}&#8221;]<\/p>\n<p>\/ Ementa<\/p>\n<p>[\/et_pb_text][et_pb_button button_url=&#8221;https:\/\/grupochelsea.pt\/wp-content\/uploads\/2024\/11\/BRUNCH-MENU-PT.pdf&#8221; button_text=&#8221;ver ementa&#8221; disabled_on=&#8221;off|off|off&#8221; _builder_version=&#8221;4.27.4&#8243; _module_preset=&#8221;7aa0ba52-e49a-4cfe-8e9e-830751d6e8d1&#8243; global_colors_info=&#8221;{}&#8221;][\/et_pb_button][\/et_pb_column][\/et_pb_row][et_pb_row use_custom_gutter=&#8221;on&#8221; gutter_width=&#8221;1&#8243; make_equal=&#8221;on&#8221; _builder_version=&#8221;4.27.4&#8243; _module_preset=&#8221;default&#8221; max_width=&#8221;100%&#8221; module_alignment=&#8221;center&#8221; global_colors_info=&#8221;{}&#8221;][et_pb_column type=&#8221;4_4&#8243; _builder_version=&#8221;4.27.4&#8243; _module_preset=&#8221;default&#8221; global_colors_info=&#8221;{}&#8221;][et_pb_image src=&#8221;https:\/\/grupochelsea.pt\/wp-content\/uploads\/2025\/02\/chelsea_image_3.png&#8221; title_text=&#8221;chelsea_image_3&#8243; _builder_version=&#8221;4.27.4&#8243; _module_preset=&#8221;default&#8221; module_alignment=&#8221;center&#8221; global_colors_info=&#8221;{}&#8221;][\/et_pb_image][\/et_pb_column][\/et_pb_row][et_pb_row use_custom_gutter=&#8221;on&#8221; gutter_width=&#8221;1&#8243; make_equal=&#8221;on&#8221; module_id=&#8221;staff&#8221; _builder_version=&#8221;4.27.4&#8243; _module_preset=&#8221;default&#8221; max_width=&#8221;100%&#8221; module_alignment=&#8221;center&#8221; global_colors_info=&#8221;{}&#8221;][et_pb_column type=&#8221;4_4&#8243; _builder_version=&#8221;4.27.4&#8243; _module_preset=&#8221;default&#8221; global_colors_info=&#8221;{}&#8221;][et_pb_image src=&#8221;https:\/\/grupochelsea.pt\/wp-content\/uploads\/2025\/02\/Elipse-6.png&#8221; title_text=&#8221;Elipse 6&#8243; align=&#8221;center&#8221; _builder_version=&#8221;4.27.4&#8243; _module_preset=&#8221;default&#8221; global_colors_info=&#8221;{}&#8221;][\/et_pb_image][et_pb_text _builder_version=&#8221;4.27.4&#8243; _module_preset=&#8221;default&#8221; text_font=&#8221;|||on|||||&#8221; text_text_color=&#8221;#0D2148&#8243; text_font_size=&#8221;2.5em&#8221; text_line_height=&#8221;1.2em&#8221; text_orientation=&#8221;center&#8221; custom_padding=&#8221;2vh||2vh||false|false&#8221; global_colors_info=&#8221;{}&#8221;]<\/p>\n<p>O Nosso Espa\u00e7o e Staff<\/p>\n<p>[\/et_pb_text][et_pb_text _builder_version=&#8221;4.27.4&#8243; _module_preset=&#8221;default&#8221; text_text_color=&#8221;#0D2148&#8243; text_font_size=&#8221;1.2em&#8221; text_orientation=&#8221;center&#8221; width=&#8221;80%&#8221; max_width=&#8221;100%&#8221; module_alignment=&#8221;center&#8221; global_colors_info=&#8221;{}&#8221;]O Chelsea Brunch &#038; Drunch oferece uma experi\u00eancia \u00fanica, combinando sabores deliciosos com um ambiente acolhedor e cosmopolita. Com uma charmosa esplanada e quatro salas de decora\u00e7\u00e3o ecl\u00e9tica que v\u00e3o do vibrante estilo pop art a elementos vintage, cada canto \u00e9 pensado para encantar. H\u00e1 recantos perfeitos para selfies instagram\u00e1veis, onde a est\u00e9tica se encontra com a divers\u00e3o. O ambiente confort\u00e1vel \u00e9 complementado por um staff sempre atencioso e com um sorriso pronto para receber cada cliente. No Chelsea Brunch &#038; Drunch, cada detalhe \u00e9 um convite a relaxar e aproveitar o momento de pausa que merece.[\/et_pb_text][\/et_pb_column][\/et_pb_row][\/et_pb_section][et_pb_section fb_built=&#8221;1&#8243; _builder_version=&#8221;4.27.4&#8243; _module_preset=&#8221;default&#8221; background_color=&#8221;#0D2148&#8243; global_colors_info=&#8221;{}&#8221;][et_pb_row module_id=&#8221;galeria&#8221; _builder_version=&#8221;4.27.4&#8243; _module_preset=&#8221;default&#8221; global_colors_info=&#8221;{}&#8221;][et_pb_column type=&#8221;4_4&#8243; _builder_version=&#8221;4.27.4&#8243; _module_preset=&#8221;default&#8221; global_colors_info=&#8221;{}&#8221;][et_pb_text _builder_version=&#8221;4.27.4&#8243; _module_preset=&#8221;default&#8221; text_font=&#8221;|||on|||||&#8221; text_text_color=&#8221;#FFFFFF&#8221; text_font_size=&#8221;2.5em&#8221; text_orientation=&#8221;center&#8221; custom_padding=&#8221;0vh||4vh||false|false&#8221; global_colors_info=&#8221;{}&#8221;]<\/p>\n<p>Galeria<\/p>\n<p>[\/et_pb_text][ds_image_gallery thumb_height=&#8221;200px&#8221; thumbs_navigation=&#8221;on&#8221; thumbs_navigation_on_hover=&#8221;on&#8221; thumbs_navigation_prev_icon_yn=&#8221;on&#8221; thumbs_navigation_prev_icon=&#8221;&#x44;||divi||400&#8243; thumbs_navigation_next_icon_yn=&#8221;on&#8221; thumbs_navigation_next_icon=&#8221;&#x45;||divi||400&#8243; thumbs_navigation_size=&#8221;50&#8243; thumbs_navigation_padding=&#8221;1&#8243; thumbs_navigation_color=&#8221;#FFFFFF&#8221; thumbs_navigation_position_horizontal=&#8221;-50px&#8221; main_autoplay=&#8221;on&#8221; _builder_version=&#8221;4.27.4&#8243; _module_preset=&#8221;default&#8221; height=&#8221;700px&#8221; global_colors_info=&#8221;{}&#8221;][ds_image_gallery_child item_image=&#8221;https:\/\/grupochelsea.pt\/wp-content\/uploads\/2025\/02\/Fotos-Brunch0021.jpg&#8221; label=&#8221;1&#8243; _builder_version=&#8221;4.27.4&#8243; _module_preset=&#8221;default&#8221; global_colors_info=&#8221;{}&#8221;][\/ds_image_gallery_child][ds_image_gallery_child item_image=&#8221;https:\/\/grupochelsea.pt\/wp-content\/uploads\/2025\/02\/Fotos-Brunch0019.jpg&#8221; label=&#8221;2&#8243; _builder_version=&#8221;4.27.4&#8243; _module_preset=&#8221;default&#8221; global_colors_info=&#8221;{}&#8221;][\/ds_image_gallery_child][ds_image_gallery_child item_image=&#8221;https:\/\/grupochelsea.pt\/wp-content\/uploads\/2025\/02\/Fotos-Brunch0015.jpg&#8221; label=&#8221;3&#8243; _builder_version=&#8221;4.27.4&#8243; _module_preset=&#8221;default&#8221; global_colors_info=&#8221;{}&#8221;][\/ds_image_gallery_child][ds_image_gallery_child item_image=&#8221;https:\/\/grupochelsea.pt\/wp-content\/uploads\/2025\/02\/Fotos-Brunch0014.jpg&#8221; label=&#8221;4&#8243; _builder_version=&#8221;4.27.4&#8243; _module_preset=&#8221;default&#8221; global_colors_info=&#8221;{}&#8221;][\/ds_image_gallery_child][ds_image_gallery_child item_image=&#8221;https:\/\/grupochelsea.pt\/wp-content\/uploads\/2025\/02\/Fotos-Brunch0013.jpg&#8221; label=&#8221;5&#8243; _builder_version=&#8221;4.27.4&#8243; _module_preset=&#8221;default&#8221; global_colors_info=&#8221;{}&#8221;][\/ds_image_gallery_child][ds_image_gallery_child item_image=&#8221;https:\/\/grupochelsea.pt\/wp-content\/uploads\/2025\/02\/Fotos-Brunch0012.jpg&#8221; main_bg_placement=&#8221;bottom center&#8221; label=&#8221;6&#8243; _builder_version=&#8221;4.27.4&#8243; _module_preset=&#8221;default&#8221; global_colors_info=&#8221;{}&#8221;][\/ds_image_gallery_child][ds_image_gallery_child item_image=&#8221;https:\/\/grupochelsea.pt\/wp-content\/uploads\/2025\/02\/Fotos-Brunch0011.jpg&#8221; label=&#8221;7&#8243; _builder_version=&#8221;4.27.4&#8243; _module_preset=&#8221;default&#8221; global_colors_info=&#8221;{}&#8221;][\/ds_image_gallery_child][ds_image_gallery_child item_image=&#8221;https:\/\/grupochelsea.pt\/wp-content\/uploads\/2025\/02\/Fotos-Brunch0009.jpg&#8221; label=&#8221;8&#8243; _builder_version=&#8221;4.27.4&#8243; _module_preset=&#8221;default&#8221; global_colors_info=&#8221;{}&#8221;][\/ds_image_gallery_child][ds_image_gallery_child item_image=&#8221;https:\/\/grupochelsea.pt\/wp-content\/uploads\/2025\/02\/Fotos-Brunch0008.jpg&#8221; label=&#8221;9&#8243; _builder_version=&#8221;4.27.4&#8243; _module_preset=&#8221;default&#8221; global_colors_info=&#8221;{}&#8221;][\/ds_image_gallery_child][ds_image_gallery_child item_image=&#8221;https:\/\/grupochelsea.pt\/wp-content\/uploads\/2025\/02\/Fotos-Brunch0007.jpg&#8221; label=&#8221;10&#8243; _builder_version=&#8221;4.27.4&#8243; _module_preset=&#8221;default&#8221; global_colors_info=&#8221;{}&#8221;][\/ds_image_gallery_child][ds_image_gallery_child item_image=&#8221;https:\/\/grupochelsea.pt\/wp-content\/uploads\/2025\/02\/Fotos-Brunch0004.jpg&#8221; label=&#8221;11&#8243; _builder_version=&#8221;4.27.4&#8243; _module_preset=&#8221;default&#8221; global_colors_info=&#8221;{}&#8221;][\/ds_image_gallery_child][ds_image_gallery_child item_image=&#8221;https:\/\/grupochelsea.pt\/wp-content\/uploads\/2025\/02\/Fotos-Brunch0003.jpg&#8221; label=&#8221;12&#8243; _builder_version=&#8221;4.27.4&#8243; _module_preset=&#8221;default&#8221; global_colors_info=&#8221;{}&#8221;][\/ds_image_gallery_child][\/ds_image_gallery][\/et_pb_column][\/et_pb_row][\/et_pb_section][et_pb_section fb_built=&#8221;1&#8243; _builder_version=&#8221;4.27.4&#8243; _module_preset=&#8221;default&#8221; background_image=&#8221;https:\/\/grupochelsea.pt\/wp-content\/uploads\/2025\/03\/fundo-rosa.png&#8221; background_size=&#8221;initial&#8221; background_repeat=&#8221;repeat-y&#8221; global_colors_info=&#8221;{}&#8221;][et_pb_row module_id=&#8221;horario&#8221; _builder_version=&#8221;4.27.4&#8243; _module_preset=&#8221;default&#8221; background_color=&#8221;#0D2148&#8243; max_width=&#8221;100%&#8221; custom_padding=&#8221;4vh||4vh||false|false&#8221; global_colors_info=&#8221;{}&#8221;][et_pb_column type=&#8221;4_4&#8243; _builder_version=&#8221;4.27.4&#8243; _module_preset=&#8221;default&#8221; global_colors_info=&#8221;{}&#8221;][et_pb_text _builder_version=&#8221;4.27.4&#8243; _module_preset=&#8221;default&#8221; text_font=&#8221;|||on|||||&#8221; text_text_color=&#8221;#F7C7CF&#8221; text_font_size=&#8221;2.5em&#8221; text_orientation=&#8221;center&#8221; global_colors_info=&#8221;{}&#8221;]<\/p>\n<p>Hor\u00e1rio:<\/p>\n<p>[\/et_pb_text][et_pb_text _builder_version=&#8221;4.27.4&#8243; _module_preset=&#8221;default&#8221; text_text_color=&#8221;#FFFFFF&#8221; text_font_size=&#8221;1.2em&#8221; text_orientation=&#8221;center&#8221; width=&#8221;30%&#8221; module_alignment=&#8221;center&#8221; global_colors_info=&#8221;{}&#8221;]<\/p>\n<p>Todos os dias<br \/>Das 08h00 \u00e0s 00h00<br \/>(a cozinha encerra \u00e0s 23h00)<\/p>\n<p>[\/et_pb_text][\/et_pb_column][\/et_pb_row][et_pb_row column_structure=&#8221;1_3,1_3,1_3&#8243; use_custom_gutter=&#8221;on&#8221; make_equal=&#8221;on&#8221; module_id=&#8221;contactos&#8221; _builder_version=&#8221;4.27.4&#8243; _module_preset=&#8221;default&#8221; max_width=&#8221;100%&#8221; module_alignment=&#8221;center&#8221; custom_margin=&#8221;||||false|false&#8221; custom_padding=&#8221;4vh||4vh||true|false&#8221; global_colors_info=&#8221;{}&#8221;][et_pb_column type=&#8221;1_3&#8243; _builder_version=&#8221;4.27.4&#8243; _module_preset=&#8221;default&#8221; global_colors_info=&#8221;{}&#8221;][et_pb_blurb title=&#8221;geral@grupochelsea.pt&#8221; image=&#8221;https:\/\/grupochelsea.pt\/wp-content\/uploads\/2025\/02\/icon_email_blue.png&#8221; _builder_version=&#8221;4.27.4&#8243; _module_preset=&#8221;default&#8221; header_text_align=&#8221;center&#8221; header_text_color=&#8221;#0D2148&#8243; header_font_size=&#8221;1.2em&#8221; global_colors_info=&#8221;{}&#8221;][\/et_pb_blurb][\/et_pb_column][et_pb_column type=&#8221;1_3&#8243; _builder_version=&#8221;4.27.4&#8243; _module_preset=&#8221;default&#8221; global_colors_info=&#8221;{}&#8221;][et_pb_blurb title=&#8221;+351 289 828 459&#8243; image=&#8221;https:\/\/grupochelsea.pt\/wp-content\/uploads\/2025\/02\/icon_phone_blue.png&#8221; _builder_version=&#8221;4.27.4&#8243; _module_preset=&#8221;default&#8221; header_text_align=&#8221;center&#8221; header_text_color=&#8221;#0D2148&#8243; header_font_size=&#8221;1.2em&#8221; body_text_align=&#8221;center&#8221; body_text_color=&#8221;#0D2148&#8243; global_colors_info=&#8221;{}&#8221;]<\/p>\n<p>(chamada p\/ rede fixa nacional)<\/p>\n<p>[\/et_pb_blurb][\/et_pb_column][et_pb_column type=&#8221;1_3&#8243; _builder_version=&#8221;4.27.4&#8243; _module_preset=&#8221;default&#8221; global_colors_info=&#8221;{}&#8221;][et_pb_blurb image=&#8221;https:\/\/grupochelsea.pt\/wp-content\/uploads\/2025\/02\/icone_adress_blue.png&#8221; _builder_version=&#8221;4.27.4&#8243; _module_preset=&#8221;default&#8221; header_text_align=&#8221;center&#8221; header_text_color=&#8221;gcid-8287abc9-3ad3-438f-af62-1b50795c756d&#8221; header_font_size=&#8221;1em&#8221; body_text_color=&#8221;#0D2148&#8243; body_font_size=&#8221;1.2em&#8221; text_orientation=&#8221;center&#8221; global_colors_info=&#8221;{%22gcid-8287abc9-3ad3-438f-af62-1b50795c756d%22:%91%22header_text_color%22%93}&#8221;]<\/p>\n<p>Rua D. Francisco Gomes, 34,<br \/>8000-000 Faro<br \/>PORTUGAL<\/p>\n<p>[\/et_pb_blurb][\/et_pb_column][\/et_pb_row][\/et_pb_section][et_pb_section fb_built=&#8221;1&#8243; fullwidth=&#8221;on&#8221; _builder_version=&#8221;4.27.4&#8243; _module_preset=&#8221;default&#8221; filter_saturate=&#8221;0%&#8221; global_colors_info=&#8221;{}&#8221;][et_pb_fullwidth_code _builder_version=&#8221;4.27.4&#8243; _module_preset=&#8221;default&#8221; global_colors_info=&#8221;{}&#8221;]<iframe src=\"https:\/\/www.google.com\/maps\/embed?pb=!1m18!1m12!1m3!1d3185.7402879503893!2d-7.936512124350577!3d37.01599175550609!2m3!1f0!2f0!3f0!3m2!1i1024!2i768!4f13.1!3m3!1m2!1s0xd0553d7e2f4cd83%3A0x9e148521c9ec987b!2sCafetaria%20Chelsea%20Coffee%20%26%20Brunch!5e0!3m2!1spt-PT!2spt!4v1744995278920!5m2!1spt-PT!2spt\" width=\"100%\" height=\"450\" style=\"border:0;\" allowfullscreen=\"\" loading=\"lazy\" referrerpolicy=\"no-referrer-when-downgrade\"><\/iframe>[\/et_pb_fullwidth_code][\/et_pb_section]<\/p>\n","protected":false},"excerpt":{"rendered":"<p>O Chelsea brunch &amp; drunch, na baixa de Faro, oferece uma fus\u00e3o de sabores, combinando o melhor do pequeno-almo\u00e7o tardio com cocktails e petiscos sofisticados. Entre pratos leves e op\u00e7\u00f5es mais indulgentes, h\u00e1 sempre algo para todos os gostos. O ambiente descontra\u00eddo torna-se perfeito para encontros entre amigos ou momentos relaxantes a dois.As Nossas Tenta\u00e7\u00f5esO [&hellip;]<\/p>\n","protected":false},"author":1,"featured_media":0,"parent":0,"menu_order":0,"comment_status":"closed","ping_status":"closed","template":"","meta":{"_et_pb_use_builder":"on","_et_pb_old_content":"","_et_gb_content_width":"","footnotes":""},"class_list":["post-317","page","type-page","status-publish","hentry"],"_links":{"self":[{"href":"https:\/\/grupochelsea.pt\/en\/wp-json\/wp\/v2\/pages\/317","targetHints":{"allow":["GET"]}}],"collection":[{"href":"https:\/\/grupochelsea.pt\/en\/wp-json\/wp\/v2\/pages"}],"about":[{"href":"https:\/\/grupochelsea.pt\/en\/wp-json\/wp\/v2\/types\/page"}],"author":[{"embeddable":true,"href":"https:\/\/grupochelsea.pt\/en\/wp-json\/wp\/v2\/users\/1"}],"replies":[{"embeddable":true,"href":"https:\/\/grupochelsea.pt\/en\/wp-json\/wp\/v2\/comments?post=317"}],"version-history":[{"count":34,"href":"https:\/\/grupochelsea.pt\/en\/wp-json\/wp\/v2\/pages\/317\/revisions"}],"predecessor-version":[{"id":1009,"href":"https:\/\/grupochelsea.pt\/en\/wp-json\/wp\/v2\/pages\/317\/revisions\/1009"}],"wp:attachment":[{"href":"https:\/\/grupochelsea.pt\/en\/wp-json\/wp\/v2\/media?parent=317"}],"curies":[{"name":"wp","href":"https:\/\/api.w.org\/{rel}","templated":true}]}}