{"id":295,"date":"2025-02-19T12:14:34","date_gmt":"2025-02-19T12:14:34","guid":{"rendered":"https:\/\/grupochelsea.pt\/?page_id=295"},"modified":"2025-05-28T14:20:52","modified_gmt":"2025-05-28T14:20:52","slug":"mae-violante-restaurant","status":"publish","type":"page","link":"https:\/\/grupochelsea.pt\/en\/mae-violante-restaurant\/","title":{"rendered":"M\u00e3e Violante Restaurante"},"content":{"rendered":"<p>[et_pb_section fb_built=&#8221;1&#8243; _builder_version=&#8221;4.27.4&#8243; _module_preset=&#8221;default&#8221; background_color=&#8221;RGBA(255,255,255,0)&#8221; background_image=&#8221;https:\/\/grupochelsea.pt\/wp-content\/uploads\/2025\/02\/bg_slide_maeviolante.jpg&#8221; custom_margin=&#8221;0px||0px||true|false&#8221; custom_padding=&#8221;0px||0px||true|false&#8221; global_colors_info=&#8221;{}&#8221;][et_pb_row _builder_version=&#8221;4.27.4&#8243; _module_preset=&#8221;default&#8221; width=&#8221;100%&#8221; max_width=&#8221;100%&#8221; module_alignment=&#8221;center&#8221; custom_margin=&#8221;0px||0px||true|false&#8221; custom_padding=&#8221;0px||0px||true|false&#8221; global_colors_info=&#8221;{}&#8221;][et_pb_column type=&#8221;4_4&#8243; _builder_version=&#8221;4.27.4&#8243; _module_preset=&#8221;default&#8221; global_colors_info=&#8221;{}&#8221;][et_pb_slider _builder_version=&#8221;4.27.4&#8243; _module_preset=&#8221;default&#8221; header_font=&#8221;|||on|||||&#8221; header_font_size=&#8221;2.4em&#8221; background_color=&#8221;RGBA(255,255,255,0)&#8221; custom_button=&#8221;on&#8221; button_text_size=&#8221;1em&#8221; button_bg_color=&#8221;#B48C33&#8243; button_border_width=&#8221;0px&#8221; button_border_radius=&#8221;0px&#8221; button_font=&#8221;|||on|||||&#8221; button_use_icon=&#8221;off&#8221; global_colors_info=&#8221;{}&#8221;][et_pb_slide heading=&#8221;Sinta-se em Casa&#8221; button_text=&#8221;Reservas&#8221; button_link=&#8221;https:\/\/maeviolante.eatbu.com\/&#8221; url_new_window=&#8221;on&#8221; _builder_version=&#8221;4.27.4&#8243; _module_preset=&#8221;default&#8221; global_colors_info=&#8221;{}&#8221; sticky_transition=&#8221;on&#8221;][\/et_pb_slide][\/et_pb_slider][\/et_pb_column][\/et_pb_row][\/et_pb_section][et_pb_section fb_built=&#8221;1&#8243; _builder_version=&#8221;4.27.4&#8243; _module_preset=&#8221;default&#8221; background_enable_color=&#8221;off&#8221; background_image=&#8221;https:\/\/grupochelsea.pt\/wp-content\/uploads\/2025\/03\/fundo-cinza.png&#8221; background_size=&#8221;initial&#8221; background_position=&#8221;top_center&#8221; background_vertical_offset=&#8221;62%&#8221; background_repeat=&#8221;repeat-y&#8221; global_colors_info=&#8221;{}&#8221;][et_pb_row _builder_version=&#8221;4.27.4&#8243; _module_preset=&#8221;default&#8221; width=&#8221;50%&#8221; width_tablet=&#8221;50%&#8221; width_phone=&#8221;80%&#8221; width_last_edited=&#8221;on|phone&#8221; max_width=&#8221;100%&#8221; module_alignment=&#8221;center&#8221; global_colors_info=&#8221;{}&#8221;][et_pb_column type=&#8221;4_4&#8243; _builder_version=&#8221;4.27.4&#8243; _module_preset=&#8221;default&#8221; global_colors_info=&#8221;{}&#8221;][et_pb_image src=&#8221;https:\/\/grupochelsea.pt\/wp-content\/uploads\/2025\/02\/logo-mae-violante.svg&#8221; title_text=&#8221;logo mae violante&#8221; _builder_version=&#8221;4.27.4&#8243; _module_preset=&#8221;default&#8221; width=&#8221;25%&#8221; width_tablet=&#8221;50%&#8221; width_phone=&#8221;70%&#8221; width_last_edited=&#8221;on|phone&#8221; module_alignment=&#8221;center&#8221; custom_padding=&#8221;||1vh||false|false&#8221; global_colors_info=&#8221;{}&#8221;][\/et_pb_image][et_pb_text _builder_version=&#8221;4.27.4&#8243; _module_preset=&#8221;default&#8221; text_font=&#8221;||||||||&#8221; text_text_color=&#8221;#293F37&#8243; text_font_size=&#8221;1.2em&#8221; text_orientation=&#8221;center&#8221; width=&#8221;100%&#8221; width_tablet=&#8221;80%&#8221; width_phone=&#8221;100%&#8221; width_last_edited=&#8221;on|phone&#8221; max_width=&#8221;100%&#8221; module_alignment=&#8221;center&#8221; global_colors_info=&#8221;{}&#8221;]<\/p>\n<p>Bem-vindos ao M\u00e3e Violante. \u00c9 com grande prazer que abrimos as portas deste espa\u00e7o dedicado \u00e0 cozinha tradicional portuguesa de conforto. Inspirado na ess\u00eancia dos sabores portugueses e no carinho da m\u00e3e Violante. Cada detalhe foi pensado para que se sinta em casa, com o requinte e o aconchego que a nossa gastronomia merece. Num ambiente intimista e acolhedor, na baixa de Faro, esperamos que cada visita ao M\u00e3e Violante, seja uma viagem ao aut\u00eantico sabor portugu\u00eas.<\/p>\n<p>[\/et_pb_text][\/et_pb_column][\/et_pb_row][et_pb_row column_structure=&#8221;1_2,1_2&#8243; use_custom_gutter=&#8221;on&#8221; gutter_width=&#8221;1&#8243; make_equal=&#8221;on&#8221; module_id=&#8221;ementa&#8221; _builder_version=&#8221;4.27.4&#8243; _module_preset=&#8221;default&#8221; max_width=&#8221;100%&#8221; module_alignment=&#8221;center&#8221; global_colors_info=&#8221;{}&#8221;][et_pb_column type=&#8221;1_2&#8243; _builder_version=&#8221;4.27.4&#8243; _module_preset=&#8221;default&#8221; global_colors_info=&#8221;{}&#8221;][et_pb_image src=&#8221;https:\/\/grupochelsea.pt\/wp-content\/uploads\/2025\/02\/icon_maeviolante.svg&#8221; title_text=&#8221;icon_maeviolante&#8221; _builder_version=&#8221;4.27.4&#8243; _module_preset=&#8221;adfea349-b8ea-4da7-a425-3c5a91c5e4f0&#8243; global_colors_info=&#8221;{}&#8221;][\/et_pb_image][et_pb_text _builder_version=&#8221;4.27.4&#8243; _module_preset=&#8221;6254d091-b5e9-4e3b-aa78-c0804f7de649&#8243; custom_margin=&#8221;2vh||||false|false&#8221; global_colors_info=&#8221;{}&#8221;]<\/p>\n<p>A Ementa<\/p>\n<p>[\/et_pb_text][et_pb_text _builder_version=&#8221;4.27.4&#8243; _module_preset=&#8221;2548b2cc-530f-4d74-aa26-878e337304a3&#8243; text_text_color=&#8221;#293F37&#8243; text_font_size=&#8221;1.2em&#8221; global_colors_info=&#8221;{}&#8221;]<\/p>\n<p>A cozinha tradicional portuguesa vive \u00e0 mesa num equil\u00edbrio entre a simplicidade e o amor por aquilo que \u00e9 nosso. Sabores que contam hist\u00f3rias e pratos que nos levam de volta a momentos de conforto. Servimos ao almo\u00e7o e jantar um peda\u00e7o da nossa ess\u00eancia.<\/p>\n<p>[\/et_pb_text][et_pb_text _builder_version=&#8221;4.27.4&#8243; _module_preset=&#8221;2d5b7a73-79cb-4c43-8c75-9438d0f6ff46&#8243; link_option_url=&#8221;https:\/\/grupochelsea.pt\/wp-content\/uploads\/2025\/04\/menus-mae-violante-5-marco-PT.pdf&#8221; global_colors_info=&#8221;{}&#8221;]<\/p>\n<p>\/ A Nossa Carta<\/p>\n<p>[\/et_pb_text][et_pb_button button_url=&#8221;https:\/\/maeviolante.eatbu.com\/?lang=pt&#038;fbclid=PAZXh0bgNhZW0CMTEAAabGIsLpSpQnvp8YgoC3nQghj_LjynJgO_bJyPHOdLE74MFI5Kf83layR8Y_aem_jVAXc-LNub0MPX7FQWl_Gg&#8221; url_new_window=&#8221;on&#8221; button_text=&#8221;Reserva&#8221; _builder_version=&#8221;4.27.4&#8243; _module_preset=&#8221;84d894e5-f9e8-4309-9e82-e076e8d2f051&#8243; custom_margin_tablet=&#8221;||2vh||false|false&#8221; custom_margin_phone=&#8221;||2vh||false|false&#8221; custom_margin_last_edited=&#8221;on|tablet&#8221; global_colors_info=&#8221;{}&#8221;][\/et_pb_button][\/et_pb_column][et_pb_column type=&#8221;1_2&#8243; _builder_version=&#8221;4.27.4&#8243; _module_preset=&#8221;default&#8221; custom_css_main_element=&#8221;display: flex;||align-items: center;||&#8221; global_colors_info=&#8221;{}&#8221;][et_pb_image src=&#8221;https:\/\/grupochelsea.pt\/wp-content\/uploads\/2025\/02\/cataplana.jpg&#8221; title_text=&#8221;cataplana&#8221; _builder_version=&#8221;4.27.4&#8243; _module_preset=&#8221;default&#8221; module_alignment=&#8221;center&#8221; global_colors_info=&#8221;{}&#8221;][\/et_pb_image][\/et_pb_column][\/et_pb_row][et_pb_row column_structure=&#8221;1_2,1_2&#8243; use_custom_gutter=&#8221;on&#8221; gutter_width=&#8221;1&#8243; make_equal=&#8221;on&#8221; module_id=&#8221;garrafeira&#8221; _builder_version=&#8221;4.27.4&#8243; _module_preset=&#8221;default&#8221; max_width=&#8221;100%&#8221; module_alignment=&#8221;center&#8221; global_colors_info=&#8221;{}&#8221;][et_pb_column type=&#8221;1_2&#8243; _builder_version=&#8221;4.27.4&#8243; _module_preset=&#8221;default&#8221; custom_css_main_element=&#8221;display: flex;||align-items: center;||&#8221; global_colors_info=&#8221;{}&#8221;][et_pb_image src=&#8221;https:\/\/grupochelsea.pt\/wp-content\/uploads\/2025\/04\/vinho.png&#8221; alt=&#8221;A Garrafeira &#8211; M\u00e3e Violante&#8221; title_text=&#8221;vinho&#8221; _builder_version=&#8221;4.27.4&#8243; _module_preset=&#8221;default&#8221; module_alignment=&#8221;center&#8221; global_colors_info=&#8221;{}&#8221;][\/et_pb_image][\/et_pb_column][et_pb_column type=&#8221;1_2&#8243; _builder_version=&#8221;4.27.4&#8243; _module_preset=&#8221;default&#8221; global_colors_info=&#8221;{}&#8221;][et_pb_image src=&#8221;https:\/\/grupochelsea.pt\/wp-content\/uploads\/2025\/02\/icon_maeviolante.svg&#8221; title_text=&#8221;icon_maeviolante&#8221; _builder_version=&#8221;4.27.4&#8243; _module_preset=&#8221;adfea349-b8ea-4da7-a425-3c5a91c5e4f0&#8243; global_colors_info=&#8221;{}&#8221;][\/et_pb_image][et_pb_text _builder_version=&#8221;4.27.4&#8243; _module_preset=&#8221;6254d091-b5e9-4e3b-aa78-c0804f7de649&#8243; global_colors_info=&#8221;{}&#8221;]<\/p>\n<p>A Garrafeira<\/p>\n<p>[\/et_pb_text][et_pb_text _builder_version=&#8221;4.27.4&#8243; _module_preset=&#8221;2548b2cc-530f-4d74-aa26-878e337304a3&#8243; text_text_color=&#8221;#293F37&#8243; text_font_size=&#8221;1.2em&#8221; global_colors_info=&#8221;{}&#8221;]<\/p>\n<p>O vinho n\u00e3o \u00e9 s\u00f3 uma bebida. \u00c9 parte da mesa, das conversas, dos momentos que se guardam. Temos sempre \u00e0 m\u00e3o uma sele\u00e7\u00e3o de vinhos ecl\u00e9tica, que privilegia solos portugueses, porque cada refei\u00e7\u00e3o merece ser acompanhada pelo vinho certo. O objetivo \u00e9 proporcionar novas descobertas gastron\u00f3micas e v\u00ednicas. Escolhemos vinhos que real\u00e7am o que servimos e que sabem a partilha. Afinal, boa comida pede bom vinho e boa companhia. Brinde e desfrute.<\/p>\n<p>[\/et_pb_text][et_pb_text _builder_version=&#8221;4.27.4&#8243; _module_preset=&#8221;2d5b7a73-79cb-4c43-8c75-9438d0f6ff46&#8243; link_option_url=&#8221;https:\/\/grupochelsea.pt\/wp-content\/uploads\/2025\/04\/ementa-bebidas-5-marco-C.pdf&#8221; global_colors_info=&#8221;{}&#8221;]<\/p>\n<p>\/ Carta de Vinhos<\/p>\n<p>[\/et_pb_text][et_pb_button button_url=&#8221;https:\/\/grupochelsea.pt\/wp-content\/uploads\/2025\/04\/ementa-bebidas-5-marco-C.pdf&#8221; url_new_window=&#8221;on&#8221; button_text=&#8221;Ver Carta&#8221; _builder_version=&#8221;4.27.4&#8243; _module_preset=&#8221;84d894e5-f9e8-4309-9e82-e076e8d2f051&#8243; global_colors_info=&#8221;{}&#8221;][\/et_pb_button][\/et_pb_column][\/et_pb_row][et_pb_row column_structure=&#8221;1_2,1_2&#8243; use_custom_gutter=&#8221;on&#8221; gutter_width=&#8221;1&#8243; make_equal=&#8221;on&#8221; module_id=&#8221;espaco&#8221; _builder_version=&#8221;4.27.4&#8243; _module_preset=&#8221;default&#8221; max_width=&#8221;100%&#8221; module_alignment=&#8221;center&#8221; global_colors_info=&#8221;{}&#8221;][et_pb_column type=&#8221;1_2&#8243; _builder_version=&#8221;4.27.4&#8243; _module_preset=&#8221;default&#8221; global_colors_info=&#8221;{}&#8221;][et_pb_image src=&#8221;https:\/\/grupochelsea.pt\/wp-content\/uploads\/2025\/02\/icon_maeviolante.svg&#8221; title_text=&#8221;icon_maeviolante&#8221; _builder_version=&#8221;4.27.4&#8243; _module_preset=&#8221;adfea349-b8ea-4da7-a425-3c5a91c5e4f0&#8243; global_colors_info=&#8221;{}&#8221;][\/et_pb_image][et_pb_text _builder_version=&#8221;4.27.4&#8243; _module_preset=&#8221;6254d091-b5e9-4e3b-aa78-c0804f7de649&#8243; custom_margin=&#8221;2vh||||false|false&#8221; global_colors_info=&#8221;{}&#8221;]<\/p>\n<p>O Espa\u00e7o<\/p>\n<p>[\/et_pb_text][et_pb_text _builder_version=&#8221;4.27.4&#8243; _module_preset=&#8221;2548b2cc-530f-4d74-aa26-878e337304a3&#8243; text_text_color=&#8221;#293F37&#8243; text_font_size=&#8221;1.2em&#8221; global_colors_info=&#8221;{}&#8221;]<\/p>\n<p>No interior do M\u00e3e Violante, cada detalhe conta uma hist\u00f3ria de conforto e autenticidade. Entre a luz suave, os quadros e as texturas de ferro e madeira, encontra-se o cen\u00e1rio perfeito para saborear a cozinha tradicional portuguesa de conforto. Um espa\u00e7o onde cada canto acolhe, e cada momento se transforma em recorda\u00e7\u00e3o.<\/p>\n<p>[\/et_pb_text][et_pb_button button_url=&#8221;https:\/\/maeviolante.eatbu.com\/&#8221; url_new_window=&#8221;on&#8221; button_text=&#8221;Reservar&#8221; _builder_version=&#8221;4.27.4&#8243; _module_preset=&#8221;84d894e5-f9e8-4309-9e82-e076e8d2f051&#8243; custom_margin_tablet=&#8221;||2vh||false|false&#8221; custom_margin_phone=&#8221;||2vh||false|false&#8221; custom_margin_last_edited=&#8221;on|phone&#8221; global_colors_info=&#8221;{}&#8221;][\/et_pb_button][\/et_pb_column][et_pb_column type=&#8221;1_2&#8243; _builder_version=&#8221;4.27.4&#8243; _module_preset=&#8221;default&#8221; custom_css_main_element=&#8221;display: flex;||align-items: center;||&#8221; global_colors_info=&#8221;{}&#8221;][et_pb_image src=&#8221;https:\/\/grupochelsea.pt\/wp-content\/uploads\/2025\/02\/o_espaco.jpg&#8221; title_text=&#8221;o_espaco&#8221; _builder_version=&#8221;4.27.4&#8243; _module_preset=&#8221;default&#8221; module_alignment=&#8221;center&#8221; global_colors_info=&#8221;{}&#8221;][\/et_pb_image][\/et_pb_column][\/et_pb_row][et_pb_row column_structure=&#8221;1_2,1_2&#8243; use_custom_gutter=&#8221;on&#8221; gutter_width=&#8221;1&#8243; make_equal=&#8221;on&#8221; module_id=&#8221;chef&#8221; _builder_version=&#8221;4.27.4&#8243; _module_preset=&#8221;default&#8221; max_width=&#8221;100%&#8221; module_alignment=&#8221;center&#8221; global_colors_info=&#8221;{}&#8221;][et_pb_column type=&#8221;1_2&#8243; _builder_version=&#8221;4.27.4&#8243; _module_preset=&#8221;default&#8221; custom_css_main_element=&#8221;display: flex;||align-items: center;||&#8221; global_colors_info=&#8221;{}&#8221;][et_pb_image src=&#8221;https:\/\/grupochelsea.pt\/wp-content\/uploads\/2025\/02\/o_chef.jpg&#8221; title_text=&#8221;o_chef&#8221; _builder_version=&#8221;4.27.4&#8243; _module_preset=&#8221;default&#8221; module_alignment=&#8221;center&#8221; global_colors_info=&#8221;{}&#8221;][\/et_pb_image][\/et_pb_column][et_pb_column type=&#8221;1_2&#8243; _builder_version=&#8221;4.27.4&#8243; _module_preset=&#8221;default&#8221; global_colors_info=&#8221;{}&#8221;][et_pb_image src=&#8221;https:\/\/grupochelsea.pt\/wp-content\/uploads\/2025\/02\/icon_maeviolante.svg&#8221; title_text=&#8221;icon_maeviolante&#8221; _builder_version=&#8221;4.27.4&#8243; _module_preset=&#8221;adfea349-b8ea-4da7-a425-3c5a91c5e4f0&#8243; global_colors_info=&#8221;{}&#8221;][\/et_pb_image][et_pb_text _builder_version=&#8221;4.27.4&#8243; _module_preset=&#8221;6254d091-b5e9-4e3b-aa78-c0804f7de649&#8243; custom_margin=&#8221;2vh||||false|false&#8221; global_colors_info=&#8221;{}&#8221;]<\/p>\n<p>O Nosso CHEF<\/p>\n<p>[\/et_pb_text][et_pb_text _builder_version=&#8221;4.27.4&#8243; _module_preset=&#8221;2548b2cc-530f-4d74-aa26-878e337304a3&#8243; text_text_color=&#8221;#293F37&#8243; text_font_size=&#8221;1.2em&#8221; global_colors_info=&#8221;{}&#8221;]<\/p>\n<p>A fun\u00e7\u00e3o do Chef \u00e9 orquestrar sabores e aromas.<br \/>Um sussurro da alma lusitana ou uma viagem no tempo, em que ingredientes despertam segredos e cada prato conta hist\u00f3rias de um povo encantado.<br \/>A culin\u00e1ria \u00e9 transformada em poesia.<\/p>\n<p>[\/et_pb_text][et_pb_button button_url=&#8221;https:\/\/maeviolante.eatbu.com\/&#8221; url_new_window=&#8221;on&#8221; button_text=&#8221;Reservar&#8221; _builder_version=&#8221;4.27.4&#8243; _module_preset=&#8221;84d894e5-f9e8-4309-9e82-e076e8d2f051&#8243; global_colors_info=&#8221;{}&#8221;][\/et_pb_button][\/et_pb_column][\/et_pb_row][\/et_pb_section][et_pb_section fb_built=&#8221;1&#8243; _builder_version=&#8221;4.27.4&#8243; _module_preset=&#8221;default&#8221; background_color=&#8221;#293F37&#8243; global_colors_info=&#8221;{}&#8221;][et_pb_row module_id=&#8221;galeria&#8221; _builder_version=&#8221;4.27.4&#8243; _module_preset=&#8221;default&#8221; global_colors_info=&#8221;{}&#8221;][et_pb_column type=&#8221;4_4&#8243; _builder_version=&#8221;4.27.4&#8243; _module_preset=&#8221;default&#8221; global_colors_info=&#8221;{}&#8221;][et_pb_text _builder_version=&#8221;4.27.4&#8243; _module_preset=&#8221;default&#8221; text_font=&#8221;|||on|||||&#8221; text_text_color=&#8221;#FFFFFF&#8221; text_font_size=&#8221;2.5em&#8221; text_orientation=&#8221;center&#8221; custom_padding=&#8221;0vh||4vh||false|false&#8221; global_colors_info=&#8221;{}&#8221;]<\/p>\n<p>Galeria<\/p>\n<p>[\/et_pb_text][ds_image_gallery thumb_height=&#8221;200px&#8221; thumbs_navigation=&#8221;on&#8221; thumbs_navigation_on_hover=&#8221;on&#8221; thumbs_navigation_prev_icon_yn=&#8221;on&#8221; thumbs_navigation_prev_icon=&#8221;&#x44;||divi||400&#8243; thumbs_navigation_next_icon_yn=&#8221;on&#8221; thumbs_navigation_next_icon=&#8221;&#x45;||divi||400&#8243; thumbs_navigation_size=&#8221;50&#8243; thumbs_navigation_padding=&#8221;1&#8243; thumbs_navigation_color=&#8221;#FFFFFF&#8221; thumbs_navigation_position_horizontal=&#8221;-50px&#8221; main_autoplay=&#8221;on&#8221; _builder_version=&#8221;4.27.4&#8243; _module_preset=&#8221;default&#8221; height=&#8221;700px&#8221; global_colors_info=&#8221;{}&#8221;][ds_image_gallery_child item_image=&#8221;https:\/\/grupochelsea.pt\/wp-content\/uploads\/2025\/02\/Fotos-Mae-Violante0033.jpg&#8221; label=&#8221;1&#8243; _builder_version=&#8221;4.27.4&#8243; _module_preset=&#8221;default&#8221; global_colors_info=&#8221;{}&#8221;][\/ds_image_gallery_child][ds_image_gallery_child item_image=&#8221;https:\/\/grupochelsea.pt\/wp-content\/uploads\/2025\/02\/Fotos-Mae-Violante0031.jpg&#8221; label=&#8221;2&#8243; _builder_version=&#8221;4.27.4&#8243; _module_preset=&#8221;default&#8221; global_colors_info=&#8221;{}&#8221;][\/ds_image_gallery_child][ds_image_gallery_child item_image=&#8221;https:\/\/grupochelsea.pt\/wp-content\/uploads\/2025\/02\/Fotos-Mae-Violante0020.jpg&#8221; label=&#8221;3&#8243; _builder_version=&#8221;4.27.4&#8243; _module_preset=&#8221;default&#8221; global_colors_info=&#8221;{}&#8221;][\/ds_image_gallery_child][ds_image_gallery_child item_image=&#8221;https:\/\/grupochelsea.pt\/wp-content\/uploads\/2025\/02\/Fotos-Mae-Violante0024.jpg&#8221; label=&#8221;4&#8243; _builder_version=&#8221;4.27.4&#8243; _module_preset=&#8221;default&#8221; global_colors_info=&#8221;{}&#8221;][\/ds_image_gallery_child][ds_image_gallery_child item_image=&#8221;https:\/\/grupochelsea.pt\/wp-content\/uploads\/2025\/02\/Fotos-Mae-Violante0010.jpg&#8221; label=&#8221;5&#8243; _builder_version=&#8221;4.27.4&#8243; _module_preset=&#8221;default&#8221; global_colors_info=&#8221;{}&#8221;][\/ds_image_gallery_child][ds_image_gallery_child item_image=&#8221;https:\/\/grupochelsea.pt\/wp-content\/uploads\/2025\/02\/Fotos-Mae-Violante0000.jpg&#8221; label=&#8221;6&#8243; _builder_version=&#8221;4.27.4&#8243; _module_preset=&#8221;default&#8221; global_colors_info=&#8221;{}&#8221;][\/ds_image_gallery_child][ds_image_gallery_child item_image=&#8221;https:\/\/grupochelsea.pt\/wp-content\/uploads\/2025\/02\/Fotos-Mae-Violante0011.jpg&#8221; label=&#8221;7&#8243; _builder_version=&#8221;4.27.4&#8243; _module_preset=&#8221;default&#8221; global_colors_info=&#8221;{}&#8221;][\/ds_image_gallery_child][ds_image_gallery_child item_image=&#8221;https:\/\/grupochelsea.pt\/wp-content\/uploads\/2025\/02\/Fotos-Mae-Violante0007.jpg&#8221; label=&#8221;8&#8243; _builder_version=&#8221;4.27.4&#8243; _module_preset=&#8221;default&#8221; global_colors_info=&#8221;{}&#8221;][\/ds_image_gallery_child][ds_image_gallery_child item_image=&#8221;https:\/\/grupochelsea.pt\/wp-content\/uploads\/2025\/02\/Fotos-Mae-Violante0027.jpg&#8221; label=&#8221;9&#8243; _builder_version=&#8221;4.27.4&#8243; _module_preset=&#8221;default&#8221; global_colors_info=&#8221;{}&#8221;][\/ds_image_gallery_child][ds_image_gallery_child item_image=&#8221;https:\/\/grupochelsea.pt\/wp-content\/uploads\/2025\/02\/Fotos-Mae-Violante0004.jpg&#8221; label=&#8221;10&#8243; _builder_version=&#8221;4.27.4&#8243; _module_preset=&#8221;default&#8221; global_colors_info=&#8221;{}&#8221;][\/ds_image_gallery_child][\/ds_image_gallery][\/et_pb_column][\/et_pb_row][\/et_pb_section][et_pb_section fb_built=&#8221;1&#8243; _builder_version=&#8221;4.27.4&#8243; _module_preset=&#8221;default&#8221; background_image=&#8221;https:\/\/grupochelsea.pt\/wp-content\/uploads\/2025\/03\/fundo-cinza.png&#8221; background_size=&#8221;initial&#8221; background_repeat=&#8221;repeat-y&#8221; global_colors_info=&#8221;{}&#8221;][et_pb_row module_id=&#8221;horario&#8221; _builder_version=&#8221;4.27.4&#8243; _module_preset=&#8221;default&#8221; background_color=&#8221;#293F37&#8243; max_width=&#8221;100%&#8221; custom_padding=&#8221;4vh||4vh||false|false&#8221; global_colors_info=&#8221;{}&#8221;][et_pb_column type=&#8221;4_4&#8243; _builder_version=&#8221;4.27.4&#8243; _module_preset=&#8221;default&#8221; global_colors_info=&#8221;{}&#8221;][et_pb_image src=&#8221;https:\/\/grupochelsea.pt\/wp-content\/uploads\/2025\/02\/icon_mv_white.svg&#8221; title_text=&#8221;icon_mv_white&#8221; align=&#8221;center&#8221; _builder_version=&#8221;4.27.4&#8243; _module_preset=&#8221;default&#8221; width=&#8221;20%&#8221; module_alignment=&#8221;center&#8221; global_colors_info=&#8221;{}&#8221;][\/et_pb_image][et_pb_text _builder_version=&#8221;4.27.4&#8243; _module_preset=&#8221;default&#8221; text_font=&#8221;|||on|||||&#8221; text_text_color=&#8221;#B48C33&#8243; text_font_size=&#8221;2.5em&#8221; text_orientation=&#8221;center&#8221; global_colors_info=&#8221;{}&#8221;]<\/p>\n<p>Hor\u00e1rio:<\/p>\n<p>[\/et_pb_text][et_pb_text _builder_version=&#8221;4.27.4&#8243; _module_preset=&#8221;default&#8221; text_text_color=&#8221;#FFFFFF&#8221; text_font_size=&#8221;1em&#8221; text_orientation=&#8221;center&#8221; width=&#8221;30%&#8221; module_alignment=&#8221;center&#8221; global_colors_info=&#8221;{}&#8221;]<\/p>\n<p>De domingo a s\u00e1bado<br \/>das 12h00 \u00e0s 00h00.<br \/>(a cozinha encerra \u00e0s 23h00)<\/p>\n<p>[\/et_pb_text][et_pb_button button_url=&#8221;https:\/\/maeviolante.eatbu.com\/?lang=pt&#038;fbclid=PAZXh0bgNhZW0CMTEAAabGIsLpSpQnvp8YgoC3nQghj_LjynJgO_bJyPHOdLE74MFI5Kf83layR8Y_aem_jVAXc-LNub0MPX7FQWl_Gg&#8221; button_text=&#8221;Reservas&#8221; _builder_version=&#8221;4.27.4&#8243; _module_preset=&#8221;d818d45c-74c3-446c-bb60-d84c60e0a85c&#8221; global_colors_info=&#8221;{}&#8221;][\/et_pb_button][\/et_pb_column][\/et_pb_row][et_pb_row column_structure=&#8221;1_3,1_3,1_3&#8243; use_custom_gutter=&#8221;on&#8221; make_equal=&#8221;on&#8221; module_id=&#8221;contactos&#8221; _builder_version=&#8221;4.27.4&#8243; _module_preset=&#8221;default&#8221; max_width=&#8221;100%&#8221; module_alignment=&#8221;center&#8221; custom_margin=&#8221;||||false|false&#8221; custom_padding=&#8221;4vh||4vh||true|false&#8221; global_colors_info=&#8221;{}&#8221;][et_pb_column type=&#8221;1_3&#8243; _builder_version=&#8221;4.27.4&#8243; _module_preset=&#8221;default&#8221; global_colors_info=&#8221;{}&#8221;][et_pb_blurb title=&#8221;maeviolante@grupochelsea.pt&#8221; image=&#8221;https:\/\/grupochelsea.pt\/wp-content\/uploads\/2025\/02\/icon_email.png&#8221; _builder_version=&#8221;4.27.4&#8243; _module_preset=&#8221;default&#8221; header_text_align=&#8221;center&#8221; header_text_color=&#8221;#293F37&#8243; header_font_size=&#8221;1.2em&#8221; global_colors_info=&#8221;{}&#8221;][\/et_pb_blurb][\/et_pb_column][et_pb_column type=&#8221;1_3&#8243; _builder_version=&#8221;4.27.4&#8243; _module_preset=&#8221;default&#8221; global_colors_info=&#8221;{}&#8221;][et_pb_blurb title=&#8221;+351 289 823 811&#8243; image=&#8221;https:\/\/grupochelsea.pt\/wp-content\/uploads\/2025\/02\/icone_phone.png&#8221; _builder_version=&#8221;4.27.4&#8243; _module_preset=&#8221;default&#8221; header_text_align=&#8221;center&#8221; header_text_color=&#8221;#293F37&#8243; header_font_size=&#8221;1.2em&#8221; body_text_align=&#8221;center&#8221; body_text_color=&#8221;#293F37&#8243; global_colors_info=&#8221;{}&#8221;]<\/p>\n<p>(chamada p\/ rede fixa nacional)<\/p>\n<p>[\/et_pb_blurb][\/et_pb_column][et_pb_column type=&#8221;1_3&#8243; _builder_version=&#8221;4.27.4&#8243; _module_preset=&#8221;default&#8221; global_colors_info=&#8221;{}&#8221;][et_pb_blurb image=&#8221;https:\/\/grupochelsea.pt\/wp-content\/uploads\/2025\/02\/icon_address.png&#8221; _builder_version=&#8221;4.27.4&#8243; _module_preset=&#8221;default&#8221; header_text_align=&#8221;center&#8221; header_text_color=&#8221;gcid-8287abc9-3ad3-438f-af62-1b50795c756d&#8221; header_font_size=&#8221;1em&#8221; body_text_color=&#8221;#293F37&#8243; body_font_size=&#8221;1.2em&#8221; text_orientation=&#8221;center&#8221; global_colors_info=&#8221;{%22gcid-8287abc9-3ad3-438f-af62-1b50795c756d%22:%91%22header_text_color%22%93}&#8221;]<\/p>\n<p>Rua 1\u00ba de Dezembro, n\u00ba 20<br \/>8000-410 Faro<br \/>PORTUGAL<\/p>\n<p>[\/et_pb_blurb][\/et_pb_column][\/et_pb_row][\/et_pb_section][et_pb_section fb_built=&#8221;1&#8243; fullwidth=&#8221;on&#8221; _builder_version=&#8221;4.27.4&#8243; _module_preset=&#8221;default&#8221; custom_margin=&#8221;0px||0px||true|false&#8221; custom_padding=&#8221;0px||0px||true|false&#8221; filter_saturate=&#8221;0%&#8221; global_colors_info=&#8221;{}&#8221;][et_pb_fullwidth_code _builder_version=&#8221;4.27.4&#8243; _module_preset=&#8221;default&#8221; custom_margin=&#8221;0px||0px||true|false&#8221; custom_padding=&#8221;0px||0px||true|false&#8221; global_colors_info=&#8221;{}&#8221;]<iframe src=\"https:\/\/www.google.com\/maps\/embed?pb=!1m18!1m12!1m3!1d3637.8933696958115!2d-7.93607292384145!3d37.01577755551739!2m3!1f0!2f0!3f0!3m2!1i1024!2i768!4f13.1!3m3!1m2!1s0xd0553a0a2cb9281%3A0x84a3c4be59d58682!2sM%C3%A3e%20Violante!5e1!3m2!1spt-PT!2spt!4v1740070504934!5m2!1spt-PT!2spt\" width=\"100%\" height=\"450\" style=\"border:0;\" allowfullscreen=\"\" loading=\"lazy\" referrerpolicy=\"no-referrer-when-downgrade\"><\/iframe>[\/et_pb_fullwidth_code][\/et_pb_section]<\/p>\n","protected":false},"excerpt":{"rendered":"<p>Bem-vindos ao M\u00e3e Violante. \u00c9 com grande prazer que abrimos as portas deste espa\u00e7o dedicado \u00e0 cozinha tradicional portuguesa de conforto. Inspirado na ess\u00eancia dos sabores portugueses e no carinho da m\u00e3e Violante. Cada detalhe foi pensado para que se sinta em casa, com o requinte e o aconchego que a nossa gastronomia merece. Num [&hellip;]<\/p>\n","protected":false},"author":1,"featured_media":0,"parent":0,"menu_order":0,"comment_status":"closed","ping_status":"closed","template":"","meta":{"_et_pb_use_builder":"on","_et_pb_old_content":"","_et_gb_content_width":"","footnotes":""},"class_list":["post-295","page","type-page","status-publish","hentry"],"_links":{"self":[{"href":"https:\/\/grupochelsea.pt\/en\/wp-json\/wp\/v2\/pages\/295","targetHints":{"allow":["GET"]}}],"collection":[{"href":"https:\/\/grupochelsea.pt\/en\/wp-json\/wp\/v2\/pages"}],"about":[{"href":"https:\/\/grupochelsea.pt\/en\/wp-json\/wp\/v2\/types\/page"}],"author":[{"embeddable":true,"href":"https:\/\/grupochelsea.pt\/en\/wp-json\/wp\/v2\/users\/1"}],"replies":[{"embeddable":true,"href":"https:\/\/grupochelsea.pt\/en\/wp-json\/wp\/v2\/comments?post=295"}],"version-history":[{"count":54,"href":"https:\/\/grupochelsea.pt\/en\/wp-json\/wp\/v2\/pages\/295\/revisions"}],"predecessor-version":[{"id":1006,"href":"https:\/\/grupochelsea.pt\/en\/wp-json\/wp\/v2\/pages\/295\/revisions\/1006"}],"wp:attachment":[{"href":"https:\/\/grupochelsea.pt\/en\/wp-json\/wp\/v2\/media?parent=295"}],"curies":[{"name":"wp","href":"https:\/\/api.w.org\/{rel}","templated":true}]}}