{"id":16,"date":"2024-11-21T13:47:17","date_gmt":"2024-11-21T13:47:17","guid":{"rendered":"https:\/\/grupochelsea.pt\/?page_id=16"},"modified":"2025-05-28T14:19:03","modified_gmt":"2025-05-28T14:19:03","slug":"inicio","status":"publish","type":"page","link":"https:\/\/grupochelsea.pt\/en\/","title":{"rendered":"top"},"content":{"rendered":"<p>[et_pb_section fb_built=&#8221;1&#8243; _builder_version=&#8221;4.27.4&#8243; _module_preset=&#8221;default&#8221; background_enable_image=&#8221;off&#8221; custom_padding=&#8221;5px||0px|||&#8221; global_colors_info=&#8221;{}&#8221;][et_pb_row _builder_version=&#8221;4.27.4&#8243; _module_preset=&#8221;default&#8221; width=&#8221;90%&#8221; max_width=&#8221;100%&#8221; custom_padding=&#8221;2px||2px|||&#8221; global_colors_info=&#8221;{}&#8221;][et_pb_column type=&#8221;4_4&#8243; _builder_version=&#8221;4.27.4&#8243; _module_preset=&#8221;default&#8221; global_colors_info=&#8221;{}&#8221;][ds_image_accordion accordion_height=&#8221;65vh&#8221; active_image_relative_width=&#8221;6&#8243; accordion_direction_tablet=&#8221;vertical&#8221; accordion_direction_phone=&#8221;vertical&#8221; accordion_direction_last_edited=&#8221;on|desktop&#8221; accordion_height_tablet=&#8221;80vh&#8221; accordion_height_phone=&#8221;80vh&#8221; accordion_height_last_edited=&#8221;on|tablet&#8221; _builder_version=&#8221;4.27.4&#8243; _module_preset=&#8221;default&#8221; width_tablet=&#8221;&#8221; width_phone=&#8221;&#8221; width_last_edited=&#8221;on|phone&#8221; max_width=&#8221;100%&#8221; height_tablet=&#8221;&#8221; height_phone=&#8221;&#8221; height_last_edited=&#8221;on|phone&#8221; global_colors_info=&#8221;{}&#8221;][ds_image_accordion_child title=&#8221;Mae violante&#8221; bg_img=&#8221;https:\/\/grupochelsea.pt\/wp-content\/uploads\/2025\/02\/Fotos-Mae-Violante0007.jpg&#8221; use_onload_active=&#8221;on&#8221; accordion_image=&#8221;https:\/\/grupochelsea.pt\/wp-content\/uploads\/2025\/02\/logo-maeviolante-redondo.svg&#8221; img_alt=&#8221;M\u00e3e Violante&#8221; accordion_title=&#8221;Welcome&#8221; accordion_image_width_tablet=&#8221;90px&#8221; accordion_image_width_phone=&#8221;60px&#8221; accordion_image_width_last_edited=&#8221;on|tablet&#8221; _builder_version=&#8221;4.27.4&#8243; _dynamic_attributes=&#8221;link_option_url&#8221; _module_preset=&#8221;default&#8221; accordion_title_font=&#8221;&#8211;et_global_heading_font|600||on|||||&#8221; accordion_title_text_color=&#8221;#FFFFFF&#8221; accordion_title_font_size=&#8221;1.2em&#8221; link_option_url=&#8221;@ET-DC@eyJkeW5hbWljIjp0cnVlLCJjb250ZW50IjoicG9zdF9saW5rX3VybF9wYWdlIiwic2V0dGluZ3MiOnsicG9zdF9pZCI6IjI5NSJ9fQ==@&#8221; accordion_title_font_size_tablet=&#8221;&#8221; accordion_title_font_size_phone=&#8221;&#8221; accordion_title_font_size_last_edited=&#8221;on|phone&#8221; accordion_title_text_shadow_style=&#8221;preset1&#8243; global_colors_info=&#8221;{}&#8221;][\/ds_image_accordion_child][ds_image_accordion_child title=&#8221;Brunch &#038; Drunch&#8221; bg_img=&#8221;https:\/\/grupochelsea.pt\/wp-content\/uploads\/2025\/02\/Fotos-Brunch0006.jpg&#8221; use_onload_active=&#8221;on&#8221; accordion_image=&#8221;https:\/\/grupochelsea.pt\/wp-content\/uploads\/2025\/02\/logo-chelsea-brunch-redondo.svg&#8221; img_alt=&#8221;Brunch &#038; Drunch&#8221; accordion_title=&#8221;Do A\u00e7a\u00ed \u00e0s tapas&#8221; accordion_image_width_tablet=&#8221;90px&#8221; accordion_image_width_phone=&#8221;60px&#8221; accordion_image_width_last_edited=&#8221;on|phone&#8221; _builder_version=&#8221;4.27.4&#8243; _dynamic_attributes=&#8221;link_option_url&#8221; _module_preset=&#8221;default&#8221; accordion_title_font=&#8221;&#8211;et_global_heading_font|600||on|||||&#8221; accordion_title_text_color=&#8221;#FFFFFF&#8221; accordion_title_font_size=&#8221;1.2em&#8221; link_option_url=&#8221;@ET-DC@eyJkeW5hbWljIjp0cnVlLCJjb250ZW50IjoicG9zdF9saW5rX3VybF9wYWdlIiwic2V0dGluZ3MiOnsicG9zdF9pZCI6IjMxNyJ9fQ==@&#8221; accordion_title_font_size_tablet=&#8221;&#8221; accordion_title_font_size_phone=&#8221;&#8221; accordion_title_font_size_last_edited=&#8221;on|tablet&#8221; accordion_title_text_shadow_style=&#8221;preset3&#8243; global_colors_info=&#8221;{}&#8221;][\/ds_image_accordion_child][ds_image_accordion_child title=&#8221;Pizza &#038; Pasta&#8221; bg_img=&#8221;https:\/\/grupochelsea.pt\/wp-content\/uploads\/2025\/02\/Fotos-Pizzaria0023.jpg&#8221; use_onload_active=&#8221;on&#8221; accordion_image=&#8221;https:\/\/grupochelsea.pt\/wp-content\/uploads\/2025\/02\/logo-chelsea-pizzapasta-redondo.svg&#8221; img_alt=&#8221;Pizza &#038; Pasta&#8221; accordion_title=&#8221;Ciao bella&#8221; accordion_image_width_tablet=&#8221;90px&#8221; accordion_image_width_phone=&#8221;60px&#8221; accordion_image_width_last_edited=&#8221;on|tablet&#8221; _builder_version=&#8221;4.27.4&#8243; _dynamic_attributes=&#8221;link_option_url&#8221; _module_preset=&#8221;default&#8221; accordion_title_font=&#8221;&#8211;et_global_heading_font|600||on|||||&#8221; accordion_title_text_color=&#8221;#FFFFFF&#8221; accordion_title_font_size=&#8221;1.2em&#8221; link_option_url=&#8221;@ET-DC@eyJkeW5hbWljIjp0cnVlLCJjb250ZW50IjoicG9zdF9saW5rX3VybF9wYWdlIiwic2V0dGluZ3MiOnsicG9zdF9pZCI6IjMyOCJ9fQ==@&#8221; accordion_title_font_size_tablet=&#8221;&#8221; accordion_title_font_size_phone=&#8221;&#8221; accordion_title_font_size_last_edited=&#8221;on|tablet&#8221; accordion_title_text_shadow_style=&#8221;preset3&#8243; global_colors_info=&#8221;{}&#8221;][\/ds_image_accordion_child][ds_image_accordion_child title=&#8221;Gelataria &#038; Croissanteria&#8221; bg_img=&#8221;https:\/\/grupochelsea.pt\/wp-content\/uploads\/2025\/02\/Fotos-Gelataria0017.jpg&#8221; use_onload_active=&#8221;on&#8221; accordion_image=&#8221;https:\/\/grupochelsea.pt\/wp-content\/uploads\/2025\/02\/logo-chelsea-gelataria.svg&#8221; img_alt=&#8221;Gelataria &#038; Croissanteria&#8221; accordion_title=&#8221;Fabrico Artesanal&#8221; accordion_image_width_tablet=&#8221;90px&#8221; accordion_image_width_phone=&#8221;60px&#8221; accordion_image_width_last_edited=&#8221;on|phone&#8221; _builder_version=&#8221;4.27.4&#8243; _dynamic_attributes=&#8221;link_option_url&#8221; _module_preset=&#8221;default&#8221; accordion_title_font=&#8221;&#8211;et_global_heading_font|600||on|||||&#8221; accordion_title_text_color=&#8221;#FFFFFF&#8221; accordion_title_font_size=&#8221;1.2em&#8221; link_option_url=&#8221;@ET-DC@eyJkeW5hbWljIjp0cnVlLCJjb250ZW50IjoicG9zdF9saW5rX3VybF9wYWdlIiwic2V0dGluZ3MiOnsicG9zdF9pZCI6IjM0NCJ9fQ==@&#8221; accordion_title_font_size_tablet=&#8221;&#8221; accordion_title_font_size_phone=&#8221;&#8221; accordion_title_font_size_last_edited=&#8221;on|tablet&#8221; accordion_title_text_shadow_style=&#8221;preset3&#8243; global_colors_info=&#8221;{}&#8221;][\/ds_image_accordion_child][ds_image_accordion_child title=&#8221;Padaria &#038; Croissanteria&#8221; bg_img=&#8221;https:\/\/grupochelsea.pt\/wp-content\/uploads\/2025\/02\/padaria.jpg&#8221; use_onload_active=&#8221;on&#8221; accordion_image=&#8221;https:\/\/grupochelsea.pt\/wp-content\/uploads\/2025\/02\/logo-chelsea-padaria-redondo.svg&#8221; img_alt=&#8221;Padaria &#038; Croissanteria&#8221; accordion_title=&#8221;Padaria &#038; Croissanteria&#8221; accordion_image_width_tablet=&#8221;90px&#8221; accordion_image_width_phone=&#8221;60px&#8221; accordion_image_width_last_edited=&#8221;on|tablet&#8221; _builder_version=&#8221;4.27.4&#8243; _module_preset=&#8221;default&#8221; accordion_title_font=&#8221;&#8211;et_global_heading_font|600||on|||||&#8221; accordion_title_text_color=&#8221;#FFFFFF&#8221; accordion_title_font_size=&#8221;1.2em&#8221; link_option_url=&#8221;https:\/\/grupochelsea.pt\/chelsea-padaria-croissanteria\/&#8221; accordion_title_font_size_tablet=&#8221;&#8221; accordion_title_font_size_phone=&#8221;&#8221; accordion_title_font_size_last_edited=&#8221;on|phone&#8221; accordion_title_text_shadow_style=&#8221;preset3&#8243; global_colors_info=&#8221;{}&#8221;][\/ds_image_accordion_child][\/ds_image_accordion][\/et_pb_column][\/et_pb_row][\/et_pb_section][et_pb_section fb_built=&#8221;1&#8243; _builder_version=&#8221;4.27.4&#8243; _module_preset=&#8221;default&#8221; custom_margin=&#8221;0px||0px||true|false&#8221; custom_padding=&#8221;0px||0px||true|false&#8221; global_colors_info=&#8221;{}&#8221;][et_pb_row _builder_version=&#8221;4.27.4&#8243; _module_preset=&#8221;default&#8221; custom_margin=&#8221;0px||0px||true|false&#8221; custom_padding=&#8221;3vh||3vh||false|false&#8221; global_colors_info=&#8221;{}&#8221;][et_pb_column type=&#8221;4_4&#8243; _builder_version=&#8221;4.27.4&#8243; _module_preset=&#8221;default&#8221; global_colors_info=&#8221;{}&#8221;][et_pb_text _builder_version=&#8221;4.27.4&#8243; _module_preset=&#8221;default&#8221; text_font=&#8221;||||||||&#8221; text_text_color=&#8221;#B48C33&#8243; text_font_size=&#8221;1.3em&#8221; text_orientation=&#8221;center&#8221; global_colors_info=&#8221;{}&#8221;]<\/p>\n<p class=\"p1\">WE INVITE YOU TO CELEBRATE LIFE, GOOD TASTE AND GREAT COMPANY<\/p>\n<p>[\/et_pb_text][\/et_pb_column][\/et_pb_row][\/et_pb_section]<\/p>\n","protected":false},"excerpt":{"rendered":"<p><div class=\"et_pb_module ds_image_accordion ds_image_accordion_0\">\n\t\t\t\t\n\t\t\t\t\n\t\t\t\t\n\t\t\t\t\n\t\t\t\t\n\t\t\t\t\n\t\t\t\t<div class=\"et_pb_module_inner\">\n\t\t\t\t\t<div class=\"ds_image_accordion_wrapper\" data-accordion-type=\"on_hover\">\n                \n            <\/div>\n\t\t\t\t<\/div>\n\t\t\t<\/div><div class=\"et_pb_module ds_image_accordion_child ds_image_accordion_child_0\">\n\t\t\t\t\n\t\t\t\t\n\t\t\t\t\n\t\t\t\t\n\t\t\t\t\n\t\t\t\t\n\t\t\t\t<div class=\"et_pb_module_inner\">\n\t\t\t\t\t<div class=\"ds-ia-image-bg\">\n                <div class=\"ds_image_accordion_bg\"><\/div>\n                <div class=\"ds_image_accordion_bg_hover\"><\/div>\n                <div class=\"ds_image_accordion_child_content_wrapper ds-align-horizontal-center ds-align-vertical-center\">\n                    <div class=\"ds-accordion-content\" data-active-on-load=\"1\" data-active-on-load-tablet=\"1\" data-active-on-load-phone=\"1\">\n                        <div class=\"ds-accordion-image-icon\">\n                <img decoding=\"async\" src=\"https:\/\/grupochelsea.pt\/wp-content\/uploads\/2025\/02\/logo-maeviolante-redondo.svg\" class=\"ds-accordion-image\" alt=\"Mother Violante\">\n            <\/div>\n                        <h3 class=\"ds-accordion-title\">\n                Welcome\n            <\/h3>\n                        \n                        \n                    <\/div>\n                <\/div>\n            <\/div>\n\t\t\t\t<\/div>\n\t\t\t<\/div><div class=\"et_pb_module ds_image_accordion_child ds_image_accordion_child_1\">\n\t\t\t\t\n\t\t\t\t\n\t\t\t\t\n\t\t\t\t\n\t\t\t\t\n\t\t\t\t\n\t\t\t\t<div class=\"et_pb_module_inner\">\n\t\t\t\t\t<div class=\"ds-ia-image-bg\">\n                <div class=\"ds_image_accordion_bg\"><\/div>\n                <div class=\"ds_image_accordion_bg_hover\"><\/div>\n                <div class=\"ds_image_accordion_child_content_wrapper ds-align-horizontal-center ds-align-vertical-center\">\n                    <div class=\"ds-accordion-content\" data-active-on-load=\"\" data-active-on-load-tablet=\"\" data-active-on-load-phone=\"\">\n                        <div class=\"ds-accordion-image-icon\">\n                <img decoding=\"async\" src=\"&#8221;https:\/\/grupochelsea.pt\/wp-content\/uploads\/2025\/02\/logo-chelsea-brunch-redondo.svg&#8221;\" class=\"ds-accordion-image\" alt=\"&quot;Brunch\">\n            <\/div>\n                        <h3 class=\"ds-accordion-title\">\n                \"From\n            <\/h3>\n                        \n                        \n                    <\/div>\n                <\/div>\n            <\/div>\n\t\t\t\t<\/div>\n\t\t\t<\/div><\/p>","protected":false},"author":1,"featured_media":0,"parent":0,"menu_order":0,"comment_status":"closed","ping_status":"closed","template":"","meta":{"_et_pb_use_builder":"on","_et_pb_old_content":"","_et_gb_content_width":"","footnotes":""},"class_list":["post-16","page","type-page","status-publish","hentry"],"_links":{"self":[{"href":"https:\/\/grupochelsea.pt\/en\/wp-json\/wp\/v2\/pages\/16","targetHints":{"allow":["GET"]}}],"collection":[{"href":"https:\/\/grupochelsea.pt\/en\/wp-json\/wp\/v2\/pages"}],"about":[{"href":"https:\/\/grupochelsea.pt\/en\/wp-json\/wp\/v2\/types\/page"}],"author":[{"embeddable":true,"href":"https:\/\/grupochelsea.pt\/en\/wp-json\/wp\/v2\/users\/1"}],"replies":[{"embeddable":true,"href":"https:\/\/grupochelsea.pt\/en\/wp-json\/wp\/v2\/comments?post=16"}],"version-history":[{"count":78,"href":"https:\/\/grupochelsea.pt\/en\/wp-json\/wp\/v2\/pages\/16\/revisions"}],"predecessor-version":[{"id":919,"href":"https:\/\/grupochelsea.pt\/en\/wp-json\/wp\/v2\/pages\/16\/revisions\/919"}],"wp:attachment":[{"href":"https:\/\/grupochelsea.pt\/en\/wp-json\/wp\/v2\/media?parent=16"}],"curies":[{"name":"wp","href":"https:\/\/api.w.org\/{rel}","templated":true}]}}